
{"id":3916,"date":"2025-06-18T10:07:44","date_gmt":"2025-06-18T08:07:44","guid":{"rendered":"https:\/\/realaligner.com\/blogue\/"},"modified":"2026-03-25T16:58:14","modified_gmt":"2026-03-25T15:58:14","slug":"blogue","status":"publish","type":"page","link":"https:\/\/realaligner.com\/pt-pt\/blogue\/","title":{"rendered":"Blogue"},"content":{"rendered":"\t\t<div data-elementor-type=\"wp-page\" data-elementor-id=\"3916\" class=\"elementor elementor-3916 elementor-3655\" data-elementor-post-type=\"page\">\n\t\t\t\t<section class=\"elementor-element elementor-element-bac7c5c franja-top black e-flex e-con-boxed e-con e-parent\" data-id=\"bac7c5c\" data-element_type=\"container\" data-e-type=\"container\">\n\t\t\t\t\t<div class=\"e-con-inner\">\n\t\t\t\t<div class=\"elementor-element elementor-element-c5ab0ff big text-silver elementor-invisible elementor-widget elementor-widget-heading\" data-id=\"c5ab0ff\" data-element_type=\"widget\" data-e-type=\"widget\" data-settings=\"{&quot;_animation&quot;:&quot;fadeIn&quot;,&quot;_animation_delay&quot;:200}\" data-widget_type=\"heading.default\">\n\t\t\t\t<div class=\"elementor-widget-container\">\n\t\t\t\t\t<h2 class=\"elementor-heading-title elementor-size-default\">Blogue<\/h2>\t\t\t\t<\/div>\n\t\t\t\t<\/div>\n\t\t\t\t\t<\/div>\n\t\t\t\t<\/section>\n\t\t<section class=\"elementor-element elementor-element-6168224 noticias padding-section e-flex e-con-boxed e-con e-parent\" data-id=\"6168224\" data-element_type=\"container\" data-e-type=\"container\">\n\t\t\t\t\t<div class=\"e-con-inner\">\n\t\t\t\t<div class=\"elementor-element elementor-element-821ae28 elementor-grid-3 elementor-grid-tablet-2 elementor-grid-mobile-1 elementor-posts--thumbnail-top elementor-widget elementor-widget-posts\" data-id=\"821ae28\" data-element_type=\"widget\" data-e-type=\"widget\" data-settings=\"{&quot;classic_columns&quot;:&quot;3&quot;,&quot;classic_columns_tablet&quot;:&quot;2&quot;,&quot;classic_columns_mobile&quot;:&quot;1&quot;,&quot;classic_row_gap&quot;:{&quot;unit&quot;:&quot;px&quot;,&quot;size&quot;:35,&quot;sizes&quot;:[]},&quot;classic_row_gap_tablet&quot;:{&quot;unit&quot;:&quot;px&quot;,&quot;size&quot;:&quot;&quot;,&quot;sizes&quot;:[]},&quot;classic_row_gap_mobile&quot;:{&quot;unit&quot;:&quot;px&quot;,&quot;size&quot;:&quot;&quot;,&quot;sizes&quot;:[]}}\" data-widget_type=\"posts.classic\">\n\t\t\t\t<div class=\"elementor-widget-container\">\n\t\t\t\t\t\t\t<div class=\"elementor-posts-container elementor-posts elementor-posts--skin-classic elementor-grid\">\n\t\t\t\t<article class=\"elementor-post elementor-grid-item post-5572 post type-post status-publish format-standard has-post-thumbnail hentry category-sem-categoria\">\n\t\t\t\t<a class=\"elementor-post__thumbnail__link\" href=\"https:\/\/realaligner.com\/pt-pt\/a-dra-claudia-ribeiro-destaca-o-valor-clinico-dos-modelos-de-fixacao-do-realaligner\/\" tabindex=\"-1\" >\n\t\t\t<div class=\"elementor-post__thumbnail\"><img fetchpriority=\"high\" decoding=\"async\" width=\"300\" height=\"172\" src=\"https:\/\/realaligner.com\/wp-content\/uploads\/2026\/03\/noticia1-portada-300x172.jpeg\" class=\"attachment-medium size-medium wp-image-5666\" alt=\"\" srcset=\"https:\/\/realaligner.com\/wp-content\/uploads\/2026\/03\/noticia1-portada-300x172.jpeg 300w, https:\/\/realaligner.com\/wp-content\/uploads\/2026\/03\/noticia1-portada-1024x586.jpeg 1024w, https:\/\/realaligner.com\/wp-content\/uploads\/2026\/03\/noticia1-portada-768x440.jpeg 768w, https:\/\/realaligner.com\/wp-content\/uploads\/2026\/03\/noticia1-portada-1536x879.jpeg 1536w, https:\/\/realaligner.com\/wp-content\/uploads\/2026\/03\/noticia1-portada-2048x1172.jpeg 2048w\" sizes=\"(max-width: 300px) 100vw, 300px\" \/><\/div>\n\t\t<\/a>\n\t\t\t\t<div class=\"elementor-post__text\">\n\t\t\t\t<h3 class=\"elementor-post__title\">\n\t\t\t<a href=\"https:\/\/realaligner.com\/pt-pt\/a-dra-claudia-ribeiro-destaca-o-valor-clinico-dos-modelos-de-fixacao-do-realaligner\/\" >\n\t\t\t\tFique a saber: por que motivo cada vez mais adultos optam por tratamentos com alinhadores como o RealAligner.\t\t\t<\/a>\n\t\t<\/h3>\n\t\t\t\t<div class=\"elementor-post__meta-data\">\n\t\t\t\t\t<span class=\"elementor-post-date\">\n\t\t\t19 de Mar\u00e7o de 2026\t\t<\/span>\n\t\t\t\t<\/div>\n\t\t\t\t<div class=\"elementor-post__excerpt\">\n\t\t\t<p>A ortodontia de adultos continua a ganhar peso na cl\u00ednica. Cada vez mais pacientes procuram melhorar o seu sorriso com tratamentos que se adaptam melhor ao seu sorriso&#8230;. <\/p>\n\t\t<\/div>\n\t\t\t\t<\/div>\n\t\t\t\t<\/article>\n\t\t\t\t<article class=\"elementor-post elementor-grid-item post-5268 post type-post status-publish format-standard has-post-thumbnail hentry category-sem-categoria\">\n\t\t\t\t<a class=\"elementor-post__thumbnail__link\" href=\"https:\/\/realaligner.com\/pt-pt\/grupo-ziacom-na-ids-2025-inovacao-e-excelencia-em-implantodontia-3\/\" tabindex=\"-1\" >\n\t\t\t<div class=\"elementor-post__thumbnail\"><img decoding=\"async\" width=\"300\" height=\"172\" src=\"https:\/\/realaligner.com\/wp-content\/uploads\/2026\/03\/noticia-innovacion-portada-300x172.jpeg\" class=\"attachment-medium size-medium wp-image-5695\" alt=\"\" srcset=\"https:\/\/realaligner.com\/wp-content\/uploads\/2026\/03\/noticia-innovacion-portada-300x172.jpeg 300w, https:\/\/realaligner.com\/wp-content\/uploads\/2026\/03\/noticia-innovacion-portada-1024x586.jpeg 1024w, https:\/\/realaligner.com\/wp-content\/uploads\/2026\/03\/noticia-innovacion-portada-768x440.jpeg 768w, https:\/\/realaligner.com\/wp-content\/uploads\/2026\/03\/noticia-innovacion-portada-1536x879.jpeg 1536w, https:\/\/realaligner.com\/wp-content\/uploads\/2026\/03\/noticia-innovacion-portada-2048x1172.jpeg 2048w\" sizes=\"(max-width: 300px) 100vw, 300px\" \/><\/div>\n\t\t<\/a>\n\t\t\t\t<div class=\"elementor-post__text\">\n\t\t\t\t<h3 class=\"elementor-post__title\">\n\t\t\t<a href=\"https:\/\/realaligner.com\/pt-pt\/grupo-ziacom-na-ids-2025-inovacao-e-excelencia-em-implantodontia-3\/\" >\n\t\t\t\tInova\u00e7\u00e3o em Ortodontia: RealAligner 3-Layer Material Properties\t\t\t<\/a>\n\t\t<\/h3>\n\t\t\t\t<div class=\"elementor-post__meta-data\">\n\t\t\t\t\t<span class=\"elementor-post-date\">\n\t\t\t19 de Mar\u00e7o de 2026\t\t<\/span>\n\t\t\t\t<\/div>\n\t\t\t\t<div class=\"elementor-post__excerpt\">\n\t\t\t<p>A efic\u00e1cia do tratamento ortod\u00f4ntico invis\u00edvel depende da capacidade do material para transferir o planeamento digital para a boca do paciente. O RealAligner utiliza uma estrutura especial de&#8230; <\/p>\n\t\t<\/div>\n\t\t\t\t<\/div>\n\t\t\t\t<\/article>\n\t\t\t\t<article class=\"elementor-post elementor-grid-item post-5262 post type-post status-publish format-standard has-post-thumbnail hentry category-sem-categoria\">\n\t\t\t\t<a class=\"elementor-post__thumbnail__link\" href=\"https:\/\/realaligner.com\/pt-pt\/grupo-ziacom-na-ids-2025-inovacao-e-excelencia-em-implantodontia\/\" tabindex=\"-1\" >\n\t\t\t<div class=\"elementor-post__thumbnail\"><img decoding=\"async\" width=\"300\" height=\"176\" src=\"https:\/\/realaligner.com\/wp-content\/uploads\/2026\/03\/noticia-draClaudia-portada-300x176.jpeg\" class=\"attachment-medium size-medium wp-image-5683\" alt=\"\" srcset=\"https:\/\/realaligner.com\/wp-content\/uploads\/2026\/03\/noticia-draClaudia-portada-300x176.jpeg 300w, https:\/\/realaligner.com\/wp-content\/uploads\/2026\/03\/noticia-draClaudia-portada-1024x600.jpeg 1024w, https:\/\/realaligner.com\/wp-content\/uploads\/2026\/03\/noticia-draClaudia-portada-768x450.jpeg 768w, https:\/\/realaligner.com\/wp-content\/uploads\/2026\/03\/noticia-draClaudia-portada-1536x900.jpeg 1536w, https:\/\/realaligner.com\/wp-content\/uploads\/2026\/03\/noticia-draClaudia-portada-2048x1200.jpeg 2048w\" sizes=\"(max-width: 300px) 100vw, 300px\" \/><\/div>\n\t\t<\/a>\n\t\t\t\t<div class=\"elementor-post__text\">\n\t\t\t\t<h3 class=\"elementor-post__title\">\n\t\t\t<a href=\"https:\/\/realaligner.com\/pt-pt\/grupo-ziacom-na-ids-2025-inovacao-e-excelencia-em-implantodontia\/\" >\n\t\t\t\tA Dra. Cl\u00e1udia Ribeiro destaca o valor cl\u00ednico dos modelos de fixa\u00e7\u00e3o do RealAligner\t\t\t<\/a>\n\t\t<\/h3>\n\t\t\t\t<div class=\"elementor-post__meta-data\">\n\t\t\t\t\t<span class=\"elementor-post-date\">\n\t\t\t19 de Mar\u00e7o de 2026\t\t<\/span>\n\t\t\t\t<\/div>\n\t\t\t\t<div class=\"elementor-post__excerpt\">\n\t\t\t<p>Na ortodontia com alinhadores, a coloca\u00e7\u00e3o dos acess\u00f3rios \u00e9 um passo fundamental para conseguir movimentos precisos e uma reten\u00e7\u00e3o correta do alinhador. Por isso, disp\u00f5e de ferramentas que podem ser&#8230; <\/p>\n\t\t<\/div>\n\t\t\t\t<\/div>\n\t\t\t\t<\/article>\n\t\t\t\t<article class=\"elementor-post elementor-grid-item post-5264 post type-post status-publish format-standard has-post-thumbnail hentry category-sem-categoria\">\n\t\t\t\t<a class=\"elementor-post__thumbnail__link\" href=\"https:\/\/realaligner.com\/pt-pt\/grupo-ziacom-na-ids-2025-inovacao-e-excelencia-em-implantodontia-2\/\" tabindex=\"-1\" >\n\t\t\t<div class=\"elementor-post__thumbnail\"><img loading=\"lazy\" decoding=\"async\" width=\"300\" height=\"169\" src=\"https:\/\/realaligner.com\/wp-content\/uploads\/2025\/06\/Caja-Clinica-300x169.png\" class=\"attachment-medium size-medium wp-image-5451\" alt=\"\" srcset=\"https:\/\/realaligner.com\/wp-content\/uploads\/2025\/06\/Caja-Clinica-300x169.png 300w, https:\/\/realaligner.com\/wp-content\/uploads\/2025\/06\/Caja-Clinica-1024x576.png 1024w, https:\/\/realaligner.com\/wp-content\/uploads\/2025\/06\/Caja-Clinica-768x432.png 768w, https:\/\/realaligner.com\/wp-content\/uploads\/2025\/06\/Caja-Clinica-1536x864.png 1536w, https:\/\/realaligner.com\/wp-content\/uploads\/2025\/06\/Caja-Clinica-2048x1152.png 2048w\" sizes=\"(max-width: 300px) 100vw, 300px\" \/><\/div>\n\t\t<\/a>\n\t\t\t\t<div class=\"elementor-post__text\">\n\t\t\t\t<h3 class=\"elementor-post__title\">\n\t\t\t<a href=\"https:\/\/realaligner.com\/pt-pt\/grupo-ziacom-na-ids-2025-inovacao-e-excelencia-em-implantodontia-2\/\" >\n\t\t\t\tRealAligner apresenta a sua nova imagem na Expodental 2026\t\t\t<\/a>\n\t\t<\/h3>\n\t\t\t\t<div class=\"elementor-post__meta-data\">\n\t\t\t\t\t<span class=\"elementor-post-date\">\n\t\t\t19 de Mar\u00e7o de 2026\t\t<\/span>\n\t\t\t\t<\/div>\n\t\t\t\t<div class=\"elementor-post__excerpt\">\n\t\t\t<p>A Expodental 2026 foi um evento muito especial para a RealAligner. A feira, que se realizou em Madrid, foi o cen\u00e1rio escolhido para apresentar a nova imagem da marca, uma evolu\u00e7\u00e3o que ser\u00e1&#8230; <\/p>\n\t\t<\/div>\n\t\t\t\t<\/div>\n\t\t\t\t<\/article>\n\t\t\t\t<article class=\"elementor-post elementor-grid-item post-5270 post type-post status-publish format-standard has-post-thumbnail hentry category-sem-categoria\">\n\t\t\t\t<a class=\"elementor-post__thumbnail__link\" href=\"https:\/\/realaligner.com\/pt-pt\/grupo-ziacom-na-ids-2025-inovacao-e-excelencia-em-implantodontia-4\/\" tabindex=\"-1\" >\n\t\t\t<div class=\"elementor-post__thumbnail\"><img loading=\"lazy\" decoding=\"async\" width=\"300\" height=\"144\" src=\"https:\/\/realaligner.com\/wp-content\/uploads\/2025\/06\/new-app-300x144.png\" class=\"attachment-medium size-medium wp-image-5458\" alt=\"\" srcset=\"https:\/\/realaligner.com\/wp-content\/uploads\/2025\/06\/new-app-300x144.png 300w, https:\/\/realaligner.com\/wp-content\/uploads\/2025\/06\/new-app-1024x491.png 1024w, https:\/\/realaligner.com\/wp-content\/uploads\/2025\/06\/new-app-768x368.png 768w, https:\/\/realaligner.com\/wp-content\/uploads\/2025\/06\/new-app-1536x736.png 1536w, https:\/\/realaligner.com\/wp-content\/uploads\/2025\/06\/new-app.png 1912w\" sizes=\"(max-width: 300px) 100vw, 300px\" \/><\/div>\n\t\t<\/a>\n\t\t\t\t<div class=\"elementor-post__text\">\n\t\t\t\t<h3 class=\"elementor-post__title\">\n\t\t\t<a href=\"https:\/\/realaligner.com\/pt-pt\/grupo-ziacom-na-ids-2025-inovacao-e-excelencia-em-implantodontia-4\/\" >\n\t\t\t\tRealAligner renova o seu portal para facilitar o funcionamento di\u00e1rio da cl\u00ednica\t\t\t<\/a>\n\t\t<\/h3>\n\t\t\t\t<div class=\"elementor-post__meta-data\">\n\t\t\t\t\t<span class=\"elementor-post-date\">\n\t\t\t19 de Mar\u00e7o de 2026\t\t<\/span>\n\t\t\t\t<\/div>\n\t\t\t\t<div class=\"elementor-post__excerpt\">\n\t\t\t<p>Em RealAligner continuamos a evoluir para nos adaptarmos melhor \u00e0s necessidades reais da cl\u00ednica. \u00c9 por isso que, no \u00e2mbito desta nova etapa da marca, renov\u00e1mos o nosso portal com&#8230; <\/p>\n\t\t<\/div>\n\t\t\t\t<\/div>\n\t\t\t\t<\/article>\n\t\t\t\t<\/div>\n\t\t\n\t\t\t\t\t\t<\/div>\n\t\t\t\t<\/div>\n\t\t\t\t\t<\/div>\n\t\t\t\t<\/section>\n\t\t\t\t<\/div>\n\t\t","protected":false},"excerpt":{"rendered":"<p>Blogue<\/p>\n","protected":false},"author":1,"featured_media":0,"parent":0,"menu_order":0,"comment_status":"closed","ping_status":"closed","template":"elementor_header_footer","meta":{"footnotes":""},"class_list":["post-3916","page","type-page","status-publish","hentry"],"yoast_head":"<!-- This site is optimized with the Yoast SEO plugin v26.3 - https:\/\/yoast.com\/wordpress\/plugins\/seo\/ -->\n<title>Blogue - RealAligner<\/title>\n<meta name=\"robots\" content=\"index, follow, max-snippet:-1, max-image-preview:large, max-video-preview:-1\" \/>\n<link rel=\"canonical\" href=\"https:\/\/realaligner.com\/pt-pt\/blogue\/\" \/>\n<meta property=\"og:locale\" content=\"pt_PT\" \/>\n<meta property=\"og:type\" content=\"article\" \/>\n<meta property=\"og:title\" content=\"Blogue - RealAligner\" \/>\n<meta property=\"og:description\" content=\"Blogue\" \/>\n<meta property=\"og:url\" content=\"https:\/\/realaligner.com\/pt-pt\/blogue\/\" \/>\n<meta property=\"og:site_name\" content=\"RealAligner\" \/>\n<meta property=\"article:modified_time\" content=\"2026-03-25T15:58:14+00:00\" \/>\n<meta name=\"twitter:card\" content=\"summary_large_image\" \/>\n<script type=\"application\/ld+json\" class=\"yoast-schema-graph\">{\"@context\":\"https:\/\/schema.org\",\"@graph\":[{\"@type\":\"WebPage\",\"@id\":\"https:\/\/realaligner.com\/pt-pt\/blogue\/\",\"url\":\"https:\/\/realaligner.com\/pt-pt\/blogue\/\",\"name\":\"Blogue - RealAligner\",\"isPartOf\":{\"@id\":\"https:\/\/realaligner.com\/pt-pt\/#website\"},\"datePublished\":\"2025-06-18T08:07:44+00:00\",\"dateModified\":\"2026-03-25T15:58:14+00:00\",\"breadcrumb\":{\"@id\":\"https:\/\/realaligner.com\/pt-pt\/blogue\/#breadcrumb\"},\"inLanguage\":\"pt-PT\",\"potentialAction\":[{\"@type\":\"ReadAction\",\"target\":[\"https:\/\/realaligner.com\/pt-pt\/blogue\/\"]}]},{\"@type\":\"BreadcrumbList\",\"@id\":\"https:\/\/realaligner.com\/pt-pt\/blogue\/#breadcrumb\",\"itemListElement\":[{\"@type\":\"ListItem\",\"position\":1,\"name\":\"Portada\",\"item\":\"https:\/\/realaligner.com\/pt-pt\/\"},{\"@type\":\"ListItem\",\"position\":2,\"name\":\"Blogue\"}]},{\"@type\":\"WebSite\",\"@id\":\"https:\/\/realaligner.com\/pt-pt\/#website\",\"url\":\"https:\/\/realaligner.com\/pt-pt\/\",\"name\":\"RealAligner\",\"description\":\"\",\"publisher\":{\"@id\":\"https:\/\/realaligner.com\/pt-pt\/#organization\"},\"potentialAction\":[{\"@type\":\"SearchAction\",\"target\":{\"@type\":\"EntryPoint\",\"urlTemplate\":\"https:\/\/realaligner.com\/pt-pt\/?s={search_term_string}\"},\"query-input\":{\"@type\":\"PropertyValueSpecification\",\"valueRequired\":true,\"valueName\":\"search_term_string\"}}],\"inLanguage\":\"pt-PT\"},{\"@type\":\"Organization\",\"@id\":\"https:\/\/realaligner.com\/pt-pt\/#organization\",\"name\":\"RealAligner\",\"url\":\"https:\/\/realaligner.com\/pt-pt\/\",\"logo\":{\"@type\":\"ImageObject\",\"inLanguage\":\"pt-PT\",\"@id\":\"https:\/\/realaligner.com\/pt-pt\/#\/schema\/logo\/image\/\",\"url\":\"https:\/\/realaligner.com\/wp-content\/uploads\/2026\/03\/cropped-logo-dark-sm.png\",\"contentUrl\":\"https:\/\/realaligner.com\/wp-content\/uploads\/2026\/03\/cropped-logo-dark-sm.png\",\"width\":512,\"height\":512,\"caption\":\"RealAligner\"},\"image\":{\"@id\":\"https:\/\/realaligner.com\/pt-pt\/#\/schema\/logo\/image\/\"}}]}<\/script>\n<!-- \/ Yoast SEO plugin. -->","yoast_head_json":{"title":"Blogue - RealAligner","robots":{"index":"index","follow":"follow","max-snippet":"max-snippet:-1","max-image-preview":"max-image-preview:large","max-video-preview":"max-video-preview:-1"},"canonical":"https:\/\/realaligner.com\/pt-pt\/blogue\/","og_locale":"pt_PT","og_type":"article","og_title":"Blogue - RealAligner","og_description":"Blogue","og_url":"https:\/\/realaligner.com\/pt-pt\/blogue\/","og_site_name":"RealAligner","article_modified_time":"2026-03-25T15:58:14+00:00","twitter_card":"summary_large_image","schema":{"@context":"https:\/\/schema.org","@graph":[{"@type":"WebPage","@id":"https:\/\/realaligner.com\/pt-pt\/blogue\/","url":"https:\/\/realaligner.com\/pt-pt\/blogue\/","name":"Blogue - RealAligner","isPartOf":{"@id":"https:\/\/realaligner.com\/pt-pt\/#website"},"datePublished":"2025-06-18T08:07:44+00:00","dateModified":"2026-03-25T15:58:14+00:00","breadcrumb":{"@id":"https:\/\/realaligner.com\/pt-pt\/blogue\/#breadcrumb"},"inLanguage":"pt-PT","potentialAction":[{"@type":"ReadAction","target":["https:\/\/realaligner.com\/pt-pt\/blogue\/"]}]},{"@type":"BreadcrumbList","@id":"https:\/\/realaligner.com\/pt-pt\/blogue\/#breadcrumb","itemListElement":[{"@type":"ListItem","position":1,"name":"Portada","item":"https:\/\/realaligner.com\/pt-pt\/"},{"@type":"ListItem","position":2,"name":"Blogue"}]},{"@type":"WebSite","@id":"https:\/\/realaligner.com\/pt-pt\/#website","url":"https:\/\/realaligner.com\/pt-pt\/","name":"RealAligner","description":"","publisher":{"@id":"https:\/\/realaligner.com\/pt-pt\/#organization"},"potentialAction":[{"@type":"SearchAction","target":{"@type":"EntryPoint","urlTemplate":"https:\/\/realaligner.com\/pt-pt\/?s={search_term_string}"},"query-input":{"@type":"PropertyValueSpecification","valueRequired":true,"valueName":"search_term_string"}}],"inLanguage":"pt-PT"},{"@type":"Organization","@id":"https:\/\/realaligner.com\/pt-pt\/#organization","name":"RealAligner","url":"https:\/\/realaligner.com\/pt-pt\/","logo":{"@type":"ImageObject","inLanguage":"pt-PT","@id":"https:\/\/realaligner.com\/pt-pt\/#\/schema\/logo\/image\/","url":"https:\/\/realaligner.com\/wp-content\/uploads\/2026\/03\/cropped-logo-dark-sm.png","contentUrl":"https:\/\/realaligner.com\/wp-content\/uploads\/2026\/03\/cropped-logo-dark-sm.png","width":512,"height":512,"caption":"RealAligner"},"image":{"@id":"https:\/\/realaligner.com\/pt-pt\/#\/schema\/logo\/image\/"}}]}},"_links":{"self":[{"href":"https:\/\/realaligner.com\/pt-pt\/wp-json\/wp\/v2\/pages\/3916","targetHints":{"allow":["GET"]}}],"collection":[{"href":"https:\/\/realaligner.com\/pt-pt\/wp-json\/wp\/v2\/pages"}],"about":[{"href":"https:\/\/realaligner.com\/pt-pt\/wp-json\/wp\/v2\/types\/page"}],"author":[{"embeddable":true,"href":"https:\/\/realaligner.com\/pt-pt\/wp-json\/wp\/v2\/users\/1"}],"replies":[{"embeddable":true,"href":"https:\/\/realaligner.com\/pt-pt\/wp-json\/wp\/v2\/comments?post=3916"}],"version-history":[{"count":5,"href":"https:\/\/realaligner.com\/pt-pt\/wp-json\/wp\/v2\/pages\/3916\/revisions"}],"predecessor-version":[{"id":5779,"href":"https:\/\/realaligner.com\/pt-pt\/wp-json\/wp\/v2\/pages\/3916\/revisions\/5779"}],"wp:attachment":[{"href":"https:\/\/realaligner.com\/pt-pt\/wp-json\/wp\/v2\/media?parent=3916"}],"curies":[{"name":"wp","href":"https:\/\/api.w.org\/{rel}","templated":true}]}}