
{"id":2878,"date":"2025-04-28T11:42:15","date_gmt":"2025-04-28T09:42:15","guid":{"rendered":"https:\/\/realaligner.com\/condiciones-generales-de-venta\/"},"modified":"2026-04-07T17:29:41","modified_gmt":"2026-04-07T15:29:41","slug":"condicoes-gerais-de-venda","status":"publish","type":"page","link":"https:\/\/realaligner.com\/pt-pt\/condicoes-gerais-de-venda\/","title":{"rendered":"Termos e condi\u00e7\u00f5es gerais de venda"},"content":{"rendered":"\t\t<div data-elementor-type=\"wp-page\" data-elementor-id=\"2878\" class=\"elementor elementor-2878 elementor-1678\" data-elementor-post-type=\"page\">\n\t\t\t\t<section class=\"elementor-element elementor-element-9023b8a padding-section-bottom e-flex e-con-boxed e-con e-parent\" data-id=\"9023b8a\" data-element_type=\"container\" data-e-type=\"container\" id=\"legal\">\n\t\t\t\t\t<div class=\"e-con-inner\">\n\t\t\t\t<div class=\"elementor-element elementor-element-5cb7a27 elementor-widget elementor-widget-heading\" data-id=\"5cb7a27\" data-element_type=\"widget\" data-e-type=\"widget\" data-widget_type=\"heading.default\">\n\t\t\t\t<div class=\"elementor-widget-container\">\n\t\t\t\t\t<h1 class=\"elementor-heading-title elementor-size-default\">Termos e condi\u00e7\u00f5es gerais de venda<\/h1>\t\t\t\t<\/div>\n\t\t\t\t<\/div>\n\t\t\t\t<div class=\"elementor-element elementor-element-d807b02 elementor-widget elementor-widget-heading\" data-id=\"d807b02\" data-element_type=\"widget\" data-e-type=\"widget\" data-widget_type=\"heading.default\">\n\t\t\t\t<div class=\"elementor-widget-container\">\n\t\t\t\t\t<h2 class=\"elementor-heading-title elementor-size-default\">Informa\u00e7\u00f5es sobre prazos de entrega e devolu\u00e7\u00f5es<\/h2>\t\t\t\t<\/div>\n\t\t\t\t<\/div>\n\t\t\t\t<div class=\"elementor-element elementor-element-33d0f07 elementor-widget elementor-widget-text-editor\" data-id=\"33d0f07\" data-element_type=\"widget\" data-e-type=\"widget\" data-widget_type=\"text-editor.default\">\n\t\t\t\t<div class=\"elementor-widget-container\">\n\t\t\t\t\t\t\t\t\t<p>Ap\u00f3s a rece\u00e7\u00e3o de todos os registos necess\u00e1rios, o planeamento do tratamento \u00e9 efetuado com as prescri\u00e7\u00f5es solicitadas pelo m\u00e9dico.<\/p>\n<p>Uma vez conclu\u00eddo o processo de planeamento, o visualizador \u00e9 enviado ao cliente para estudo e explica\u00e7\u00e3o ao paciente. Isto ser\u00e1 feito no prazo de 48\/72 horas ap\u00f3s a rece\u00e7\u00e3o de todos os registos obrigat\u00f3rios.<\/p>\n<p>Uma vez revisto o caso, o cliente pode pedir-nos que fa\u00e7amos as altera\u00e7\u00f5es que considere necess\u00e1rias para melhorar o planeamento, ou aceitar o caso quando o planeamento for aceite por si e pelo paciente.<\/p>\n<p>Se pedir altera\u00e7\u00f5es ao seu planeamento, deve receber o novo c\u00f3digo 48\/72 horas mais tarde para a nova revis\u00e3o.<\/p>\n<p>O processo de fabrico come\u00e7a imediatamente e os alinhadores s\u00e3o entregues na cl\u00ednica no prazo de aproximadamente 10 dias \u00fateis.<\/p>\n<p>Juntamente com os alinhadores, \u00e9 enviado um relat\u00f3rio impresso completo com o diagn\u00f3stico, o plano de tratamento e o guia de remo\u00e7\u00e3o e fixa\u00e7\u00e3o.<\/p>\n<p>Os tratamentos ser\u00e3o enviados em fases de 12 pares de alinhadores para facilitar quaisquer revis\u00f5es interm\u00e9dias que possam ser necess\u00e1rias durante o curso do tratamento.<\/p>\n<p>Ap\u00f3s a coloca\u00e7\u00e3o da \u00faltima fase de alinhadores, os aperfei\u00e7oamentos podem ser solicitados atrav\u00e9s do mesmo Website. Apenas ser\u00e1 necess\u00e1rio enviar novos registos STL ou novos modelos f\u00edsicos (\u00e9 aconselh\u00e1vel enviar novas fotografias para avalia\u00e7\u00e3o do antes e depois do tratamento).<\/p>\n<p>O processo de valida\u00e7\u00e3o de refinamento funcionar\u00e1 exatamente da mesma forma que o processo de valida\u00e7\u00e3o de casos. O calend\u00e1rio tamb\u00e9m ser\u00e1 o mesmo.<\/p>\n<p>Para o pedido de conten\u00e7\u00f5es finais, este tamb\u00e9m ser\u00e1 feito na \u00faltima fase do tratamento ou refinamento. Estar\u00e3o na cl\u00ednica num prazo de aproximadamente 10 dias \u00fateis.<\/p>\t\t\t\t\t\t\t\t<\/div>\n\t\t\t\t<\/div>\n\t\t\t\t<div class=\"elementor-element elementor-element-63fe7a0 elementor-widget elementor-widget-heading\" data-id=\"63fe7a0\" data-element_type=\"widget\" data-e-type=\"widget\" data-widget_type=\"heading.default\">\n\t\t\t\t<div class=\"elementor-widget-container\">\n\t\t\t\t\t<h2 class=\"elementor-heading-title elementor-size-default\">Repeti\u00e7\u00f5es e anula\u00e7\u00f5es<\/h2>\t\t\t\t<\/div>\n\t\t\t\t<\/div>\n\t\t\t\t<div class=\"elementor-element elementor-element-e83503c elementor-widget elementor-widget-text-editor\" data-id=\"e83503c\" data-element_type=\"widget\" data-e-type=\"widget\" data-widget_type=\"text-editor.default\">\n\t\t\t\t<div class=\"elementor-widget-container\">\n\t\t\t\t\t\t\t\t\t<p>A repeti\u00e7\u00e3o de alinhadores devido a quebra ou perda do paciente ser\u00e1 solicitada por e-mail, indicando os dados da cl\u00ednica, do paciente, o n\u00famero do alinhador e o motivo da repeti\u00e7\u00e3o. O envio ser\u00e1 agilizado na medida do poss\u00edvel. <\/p><p>Os casos n\u00e3o podem ser cancelados ou alterados depois de os modelos terem sido impressos.<\/p>\t\t\t\t\t\t\t\t<\/div>\n\t\t\t\t<\/div>\n\t\t\t\t<div class=\"elementor-element elementor-element-e20f614 elementor-widget elementor-widget-heading\" data-id=\"e20f614\" data-element_type=\"widget\" data-e-type=\"widget\" data-widget_type=\"heading.default\">\n\t\t\t\t<div class=\"elementor-widget-container\">\n\t\t\t\t\t<h2 class=\"elementor-heading-title elementor-size-default\">Aconselhamento n\u00e3o profissional<\/h2>\t\t\t\t<\/div>\n\t\t\t\t<\/div>\n\t\t\t\t<div class=\"elementor-element elementor-element-297fbf1 elementor-widget elementor-widget-text-editor\" data-id=\"297fbf1\" data-element_type=\"widget\" data-e-type=\"widget\" data-widget_type=\"text-editor.default\">\n\t\t\t\t<div class=\"elementor-widget-container\">\n\t\t\t\t\t\t\t\t\t<div class=\"wpb_wrapper\"><p>O Website e o seu conte\u00fado n\u00e3o constituem aconselhamento m\u00e9dico, jur\u00eddico ou outro aconselhamento profissional. Consulte o seu m\u00e9dico ou outro profissional de sa\u00fade relevante para obter aconselhamento m\u00e9dico. N\u00e3o \u00e9 dada qualquer garantia quanto \u00e0 exatid\u00e3o, integridade, adequa\u00e7\u00e3o ou preval\u00eancia do Website ou dos seus conte\u00fados.<\/p><\/div><p><strong>A utiliza\u00e7\u00e3o do Website, do seu conte\u00fado ou dos materiais a ele ligados \u00e9 feita por sua conta e risco.<\/strong><\/p>\t\t\t\t\t\t\t\t<\/div>\n\t\t\t\t<\/div>\n\t\t\t\t\t<\/div>\n\t\t\t\t<\/section>\n\t\t\t\t<\/div>\n\t\t","protected":false},"excerpt":{"rendered":"<p>Termos e condi\u00e7\u00f5es gerais de venda Informa\u00e7\u00f5es sobre prazos de entrega e devolu\u00e7\u00f5es Ap\u00f3s a rece\u00e7\u00e3o de todos os registos necess\u00e1rios, o planeamento do tratamento \u00e9 efetuado com as prescri\u00e7\u00f5es solicitadas pelo m\u00e9dico. Uma vez conclu\u00eddo o processo de planeamento, o visualizador \u00e9 enviado ao cliente para estudo e explica\u00e7\u00e3o ao paciente. Isto ser\u00e1 feito [&hellip;]<\/p>\n","protected":false},"author":1,"featured_media":0,"parent":0,"menu_order":0,"comment_status":"closed","ping_status":"closed","template":"elementor_header_footer","meta":{"footnotes":""},"class_list":["post-2878","page","type-page","status-publish","hentry"],"yoast_head":"<!-- This site is optimized with the Yoast SEO plugin v26.3 - https:\/\/yoast.com\/wordpress\/plugins\/seo\/ -->\n<title>Termos e condi\u00e7\u00f5es gerais de venda - RealAligner<\/title>\n<meta name=\"robots\" content=\"index, follow, max-snippet:-1, max-image-preview:large, max-video-preview:-1\" \/>\n<link rel=\"canonical\" href=\"https:\/\/realaligner.com\/pt-pt\/condicoes-gerais-de-venda\/\" \/>\n<meta property=\"og:locale\" content=\"pt_PT\" \/>\n<meta property=\"og:type\" content=\"article\" \/>\n<meta property=\"og:title\" content=\"Termos e condi\u00e7\u00f5es gerais de venda - RealAligner\" \/>\n<meta property=\"og:description\" content=\"Termos e condi\u00e7\u00f5es gerais de venda Informa\u00e7\u00f5es sobre prazos de entrega e devolu\u00e7\u00f5es Ap\u00f3s a rece\u00e7\u00e3o de todos os registos necess\u00e1rios, o planeamento do tratamento \u00e9 efetuado com as prescri\u00e7\u00f5es solicitadas pelo m\u00e9dico. Uma vez conclu\u00eddo o processo de planeamento, o visualizador \u00e9 enviado ao cliente para estudo e explica\u00e7\u00e3o ao paciente. Isto ser\u00e1 feito [&hellip;]\" \/>\n<meta property=\"og:url\" content=\"https:\/\/realaligner.com\/pt-pt\/condicoes-gerais-de-venda\/\" \/>\n<meta property=\"og:site_name\" content=\"RealAligner\" \/>\n<meta property=\"article:modified_time\" content=\"2026-04-07T15:29:41+00:00\" \/>\n<meta name=\"twitter:card\" content=\"summary_large_image\" \/>\n<meta name=\"twitter:label1\" content=\"Tempo estimado de leitura\" \/>\n\t<meta name=\"twitter:data1\" content=\"3 minutos\" \/>\n<script type=\"application\/ld+json\" class=\"yoast-schema-graph\">{\"@context\":\"https:\/\/schema.org\",\"@graph\":[{\"@type\":\"WebPage\",\"@id\":\"https:\/\/realaligner.com\/pt-pt\/condicoes-gerais-de-venda\/\",\"url\":\"https:\/\/realaligner.com\/pt-pt\/condicoes-gerais-de-venda\/\",\"name\":\"Termos e condi\u00e7\u00f5es gerais de venda - RealAligner\",\"isPartOf\":{\"@id\":\"https:\/\/realaligner.com\/pt-pt\/#website\"},\"datePublished\":\"2025-04-28T09:42:15+00:00\",\"dateModified\":\"2026-04-07T15:29:41+00:00\",\"breadcrumb\":{\"@id\":\"https:\/\/realaligner.com\/pt-pt\/condicoes-gerais-de-venda\/#breadcrumb\"},\"inLanguage\":\"pt-PT\",\"potentialAction\":[{\"@type\":\"ReadAction\",\"target\":[\"https:\/\/realaligner.com\/pt-pt\/condicoes-gerais-de-venda\/\"]}]},{\"@type\":\"BreadcrumbList\",\"@id\":\"https:\/\/realaligner.com\/pt-pt\/condicoes-gerais-de-venda\/#breadcrumb\",\"itemListElement\":[{\"@type\":\"ListItem\",\"position\":1,\"name\":\"Portada\",\"item\":\"https:\/\/realaligner.com\/pt-pt\/\"},{\"@type\":\"ListItem\",\"position\":2,\"name\":\"Termos e condi\u00e7\u00f5es gerais de venda\"}]},{\"@type\":\"WebSite\",\"@id\":\"https:\/\/realaligner.com\/pt-pt\/#website\",\"url\":\"https:\/\/realaligner.com\/pt-pt\/\",\"name\":\"RealAligner\",\"description\":\"\",\"publisher\":{\"@id\":\"https:\/\/realaligner.com\/pt-pt\/#organization\"},\"potentialAction\":[{\"@type\":\"SearchAction\",\"target\":{\"@type\":\"EntryPoint\",\"urlTemplate\":\"https:\/\/realaligner.com\/pt-pt\/?s={search_term_string}\"},\"query-input\":{\"@type\":\"PropertyValueSpecification\",\"valueRequired\":true,\"valueName\":\"search_term_string\"}}],\"inLanguage\":\"pt-PT\"},{\"@type\":\"Organization\",\"@id\":\"https:\/\/realaligner.com\/pt-pt\/#organization\",\"name\":\"RealAligner\",\"url\":\"https:\/\/realaligner.com\/pt-pt\/\",\"logo\":{\"@type\":\"ImageObject\",\"inLanguage\":\"pt-PT\",\"@id\":\"https:\/\/realaligner.com\/pt-pt\/#\/schema\/logo\/image\/\",\"url\":\"https:\/\/realaligner.com\/wp-content\/uploads\/2026\/03\/cropped-logo-dark-sm.png\",\"contentUrl\":\"https:\/\/realaligner.com\/wp-content\/uploads\/2026\/03\/cropped-logo-dark-sm.png\",\"width\":512,\"height\":512,\"caption\":\"RealAligner\"},\"image\":{\"@id\":\"https:\/\/realaligner.com\/pt-pt\/#\/schema\/logo\/image\/\"}}]}<\/script>\n<!-- \/ Yoast SEO plugin. -->","yoast_head_json":{"title":"Termos e condi\u00e7\u00f5es gerais de venda - RealAligner","robots":{"index":"index","follow":"follow","max-snippet":"max-snippet:-1","max-image-preview":"max-image-preview:large","max-video-preview":"max-video-preview:-1"},"canonical":"https:\/\/realaligner.com\/pt-pt\/condicoes-gerais-de-venda\/","og_locale":"pt_PT","og_type":"article","og_title":"Termos e condi\u00e7\u00f5es gerais de venda - RealAligner","og_description":"Termos e condi\u00e7\u00f5es gerais de venda Informa\u00e7\u00f5es sobre prazos de entrega e devolu\u00e7\u00f5es Ap\u00f3s a rece\u00e7\u00e3o de todos os registos necess\u00e1rios, o planeamento do tratamento \u00e9 efetuado com as prescri\u00e7\u00f5es solicitadas pelo m\u00e9dico. Uma vez conclu\u00eddo o processo de planeamento, o visualizador \u00e9 enviado ao cliente para estudo e explica\u00e7\u00e3o ao paciente. Isto ser\u00e1 feito [&hellip;]","og_url":"https:\/\/realaligner.com\/pt-pt\/condicoes-gerais-de-venda\/","og_site_name":"RealAligner","article_modified_time":"2026-04-07T15:29:41+00:00","twitter_card":"summary_large_image","twitter_misc":{"Tempo estimado de leitura":"3 minutos"},"schema":{"@context":"https:\/\/schema.org","@graph":[{"@type":"WebPage","@id":"https:\/\/realaligner.com\/pt-pt\/condicoes-gerais-de-venda\/","url":"https:\/\/realaligner.com\/pt-pt\/condicoes-gerais-de-venda\/","name":"Termos e condi\u00e7\u00f5es gerais de venda - RealAligner","isPartOf":{"@id":"https:\/\/realaligner.com\/pt-pt\/#website"},"datePublished":"2025-04-28T09:42:15+00:00","dateModified":"2026-04-07T15:29:41+00:00","breadcrumb":{"@id":"https:\/\/realaligner.com\/pt-pt\/condicoes-gerais-de-venda\/#breadcrumb"},"inLanguage":"pt-PT","potentialAction":[{"@type":"ReadAction","target":["https:\/\/realaligner.com\/pt-pt\/condicoes-gerais-de-venda\/"]}]},{"@type":"BreadcrumbList","@id":"https:\/\/realaligner.com\/pt-pt\/condicoes-gerais-de-venda\/#breadcrumb","itemListElement":[{"@type":"ListItem","position":1,"name":"Portada","item":"https:\/\/realaligner.com\/pt-pt\/"},{"@type":"ListItem","position":2,"name":"Termos e condi\u00e7\u00f5es gerais de venda"}]},{"@type":"WebSite","@id":"https:\/\/realaligner.com\/pt-pt\/#website","url":"https:\/\/realaligner.com\/pt-pt\/","name":"RealAligner","description":"","publisher":{"@id":"https:\/\/realaligner.com\/pt-pt\/#organization"},"potentialAction":[{"@type":"SearchAction","target":{"@type":"EntryPoint","urlTemplate":"https:\/\/realaligner.com\/pt-pt\/?s={search_term_string}"},"query-input":{"@type":"PropertyValueSpecification","valueRequired":true,"valueName":"search_term_string"}}],"inLanguage":"pt-PT"},{"@type":"Organization","@id":"https:\/\/realaligner.com\/pt-pt\/#organization","name":"RealAligner","url":"https:\/\/realaligner.com\/pt-pt\/","logo":{"@type":"ImageObject","inLanguage":"pt-PT","@id":"https:\/\/realaligner.com\/pt-pt\/#\/schema\/logo\/image\/","url":"https:\/\/realaligner.com\/wp-content\/uploads\/2026\/03\/cropped-logo-dark-sm.png","contentUrl":"https:\/\/realaligner.com\/wp-content\/uploads\/2026\/03\/cropped-logo-dark-sm.png","width":512,"height":512,"caption":"RealAligner"},"image":{"@id":"https:\/\/realaligner.com\/pt-pt\/#\/schema\/logo\/image\/"}}]}},"_links":{"self":[{"href":"https:\/\/realaligner.com\/pt-pt\/wp-json\/wp\/v2\/pages\/2878","targetHints":{"allow":["GET"]}}],"collection":[{"href":"https:\/\/realaligner.com\/pt-pt\/wp-json\/wp\/v2\/pages"}],"about":[{"href":"https:\/\/realaligner.com\/pt-pt\/wp-json\/wp\/v2\/types\/page"}],"author":[{"embeddable":true,"href":"https:\/\/realaligner.com\/pt-pt\/wp-json\/wp\/v2\/users\/1"}],"replies":[{"embeddable":true,"href":"https:\/\/realaligner.com\/pt-pt\/wp-json\/wp\/v2\/comments?post=2878"}],"version-history":[{"count":15,"href":"https:\/\/realaligner.com\/pt-pt\/wp-json\/wp\/v2\/pages\/2878\/revisions"}],"predecessor-version":[{"id":5990,"href":"https:\/\/realaligner.com\/pt-pt\/wp-json\/wp\/v2\/pages\/2878\/revisions\/5990"}],"wp:attachment":[{"href":"https:\/\/realaligner.com\/pt-pt\/wp-json\/wp\/v2\/media?parent=2878"}],"curies":[{"name":"wp","href":"https:\/\/api.w.org\/{rel}","templated":true}]}}