
{"id":2512,"date":"2025-04-09T15:20:02","date_gmt":"2025-04-09T13:20:02","guid":{"rendered":"https:\/\/realaligner.com\/funciona-da-seguinte-forma\/"},"modified":"2026-04-07T16:29:01","modified_gmt":"2026-04-07T14:29:01","slug":"funciona-da-seguinte-forma","status":"publish","type":"page","link":"https:\/\/realaligner.com\/pt-pt\/profissional\/funciona-da-seguinte-forma\/","title":{"rendered":"Como funciona"},"content":{"rendered":"\t\t<div data-elementor-type=\"wp-page\" data-elementor-id=\"2512\" class=\"elementor elementor-2512 elementor-485\" data-elementor-post-type=\"page\">\n\t\t\t\t<section class=\"elementor-element elementor-element-81cff21 franja-top black e-flex e-con-boxed e-con e-parent\" data-id=\"81cff21\" data-element_type=\"container\" data-e-type=\"container\">\n\t\t\t\t\t<div class=\"e-con-inner\">\n\t\t<div class=\"elementor-element elementor-element-6f4c24f e-flex e-con-boxed e-con e-child\" data-id=\"6f4c24f\" data-element_type=\"container\" data-e-type=\"container\">\n\t\t\t\t\t<div class=\"e-con-inner\">\n\t\t\t\t<div class=\"elementor-element elementor-element-7ecea10 text-silver elementor-widget elementor-widget-heading\" data-id=\"7ecea10\" data-element_type=\"widget\" data-e-type=\"widget\" data-widget_type=\"heading.default\">\n\t\t\t\t<div class=\"elementor-widget-container\">\n\t\t\t\t\t<h2 class=\"elementor-heading-title elementor-size-default\">Real Aligner: o futuro <\/h2>\t\t\t\t<\/div>\n\t\t\t\t<\/div>\n\t\t\t\t<div class=\"elementor-element elementor-element-e9bd08a elementor-widget elementor-widget-heading\" data-id=\"e9bd08a\" data-element_type=\"widget\" data-e-type=\"widget\" data-widget_type=\"heading.default\">\n\t\t\t\t<div class=\"elementor-widget-container\">\n\t\t\t\t\t<h2 class=\"elementor-heading-title elementor-size-default\">da ortodontia invis\u00edvel<\/h2>\t\t\t\t<\/div>\n\t\t\t\t<\/div>\n\t\t\t\t\t<\/div>\n\t\t\t\t<\/div>\n\t\t\t\t\t<\/div>\n\t\t\t\t<\/section>\n\t\t<section class=\"elementor-element elementor-element-c462a20 consulta e-flex e-con-boxed e-con e-parent\" data-id=\"c462a20\" data-element_type=\"container\" data-e-type=\"container\">\n\t\t\t\t\t<div class=\"e-con-inner\">\n\t\t<div class=\"elementor-element elementor-element-9b4695c e-con-full cont-sm e-flex e-con e-child\" data-id=\"9b4695c\" data-element_type=\"container\" data-e-type=\"container\">\n\t\t<div class=\"elementor-element elementor-element-02bdbcb e-con-full cont-img-superior e-flex e-con e-child\" data-id=\"02bdbcb\" data-element_type=\"container\" data-e-type=\"container\">\n\t\t\t\t<div class=\"elementor-element elementor-element-b4fb285 elementor-widget elementor-widget-image\" data-id=\"b4fb285\" data-element_type=\"widget\" data-e-type=\"widget\" data-widget_type=\"image.default\">\n\t\t\t\t<div class=\"elementor-widget-container\">\n\t\t\t\t\t\t\t\t\t\t\t\t\t\t\t<img fetchpriority=\"high\" decoding=\"async\" width=\"432\" height=\"432\" src=\"https:\/\/realaligner.com\/wp-content\/uploads\/2026\/03\/nosotros.png\" class=\"attachment-full size-full wp-image-4422\" alt=\"\" srcset=\"https:\/\/realaligner.com\/wp-content\/uploads\/2026\/03\/nosotros.png 432w, https:\/\/realaligner.com\/wp-content\/uploads\/2026\/03\/nosotros-300x300.png 300w, https:\/\/realaligner.com\/wp-content\/uploads\/2026\/03\/nosotros-150x150.png 150w\" sizes=\"(max-width: 432px) 100vw, 432px\" \/>\t\t\t\t\t\t\t\t\t\t\t\t\t\t\t<\/div>\n\t\t\t\t<\/div>\n\t\t\t\t<\/div>\n\t\t<div class=\"elementor-element elementor-element-a6c3f82 e-con-full e-flex e-con e-child\" data-id=\"a6c3f82\" data-element_type=\"container\" data-e-type=\"container\">\n\t\t\t\t<div class=\"elementor-element elementor-element-e7144fe elementor-widget elementor-widget-text-editor\" data-id=\"e7144fe\" data-element_type=\"widget\" data-e-type=\"widget\" data-widget_type=\"text-editor.default\">\n\t\t\t\t<div class=\"elementor-widget-container\">\n\t\t\t\t\t\t\t\t\t<p><span dir=\"auto\" style=\"vertical-align: inherit;\"><span dir=\"auto\" style=\"vertical-align: inherit;\">O sistema Real Aligner permite que ofere\u00e7a aos seus pacientes um plano de tratamento totalmente personalizado, acompanhado de suporte cont\u00ednuo de uma equipa de m\u00e9dicos dentistas especializados.<\/span><\/span><\/p>\t\t\t\t\t\t\t\t<\/div>\n\t\t\t\t<\/div>\n\t\t\t\t<\/div>\n\t\t\t\t<\/div>\n\t\t\t\t<div class=\"elementor-element elementor-element-ad10f9d elementor-widget elementor-widget-image\" data-id=\"ad10f9d\" data-element_type=\"widget\" data-e-type=\"widget\" data-widget_type=\"image.default\">\n\t\t\t\t<div class=\"elementor-widget-container\">\n\t\t\t\t\t\t\t\t\t\t\t\t\t\t\t<img decoding=\"async\" width=\"800\" height=\"446\" src=\"https:\/\/realaligner.com\/wp-content\/uploads\/2025\/05\/tipos-mordida_pt.jpg\" class=\"attachment-large size-large wp-image-2769\" alt=\"\" srcset=\"https:\/\/realaligner.com\/wp-content\/uploads\/2025\/05\/tipos-mordida_pt.jpg 894w, https:\/\/realaligner.com\/wp-content\/uploads\/2025\/05\/tipos-mordida_pt-300x167.jpg 300w, https:\/\/realaligner.com\/wp-content\/uploads\/2025\/05\/tipos-mordida_pt-768x428.jpg 768w\" sizes=\"(max-width: 800px) 100vw, 800px\" \/>\t\t\t\t\t\t\t\t\t\t\t\t\t\t\t<\/div>\n\t\t\t\t<\/div>\n\t\t<div class=\"elementor-element elementor-element-339772f e-con-full linea e-flex e-con e-child\" data-id=\"339772f\" data-element_type=\"container\" data-e-type=\"container\">\n\t\t\t\t<\/div>\n\t\t\t\t<div class=\"elementor-element elementor-element-a22bbc7 text-consulta elementor-widget elementor-widget-text-editor\" data-id=\"a22bbc7\" data-element_type=\"widget\" data-e-type=\"widget\" data-widget_type=\"text-editor.default\">\n\t\t\t\t<div class=\"elementor-widget-container\">\n\t\t\t\t\t\t\t\t\t<p>O tratamento evolui etapa a etapa: em cada uma, o paciente usa um conjunto de alinhadores que corrigem gradualmente a mordida at\u00e9 atingir o resultado ideal.<\/p>\t\t\t\t\t\t\t\t<\/div>\n\t\t\t\t<\/div>\n\t\t\t\t\t<\/div>\n\t\t\t\t<\/section>\n\t\t<section class=\"elementor-element elementor-element-4bed98c bg-como e-flex e-con-boxed e-con e-parent\" data-id=\"4bed98c\" data-element_type=\"container\" data-e-type=\"container\" data-settings=\"{&quot;background_background&quot;:&quot;classic&quot;}\">\n\t\t\t\t\t<div class=\"e-con-inner\">\n\t\t\t\t\t<\/div>\n\t\t\t\t<\/section>\n\t\t<section class=\"elementor-element elementor-element-dc80a00 e-flex e-con-boxed e-con e-parent\" data-id=\"dc80a00\" data-element_type=\"container\" data-e-type=\"container\" id=\"dudas\">\n\t\t\t\t\t<div class=\"e-con-inner\">\n\t\t<div class=\"elementor-element elementor-element-f657b94 e-con-full texto-gracias e-flex e-con e-child\" data-id=\"f657b94\" data-element_type=\"container\" data-e-type=\"container\">\n\t\t<div class=\"elementor-element elementor-element-deb5fbe e-con-full e-flex e-con e-child\" data-id=\"deb5fbe\" data-element_type=\"container\" data-e-type=\"container\">\n\t\t\t\t<div class=\"elementor-element elementor-element-0c2c904 elementor-widget elementor-widget-image\" data-id=\"0c2c904\" data-element_type=\"widget\" data-e-type=\"widget\" data-widget_type=\"image.default\">\n\t\t\t\t<div class=\"elementor-widget-container\">\n\t\t\t\t\t\t\t\t\t\t\t\t\t\t\t<img decoding=\"async\" width=\"260\" height=\"200\" src=\"https:\/\/realaligner.com\/wp-content\/uploads\/2026\/03\/lineas-dentadura-1.png\" class=\"attachment-large size-large wp-image-4776\" alt=\"\" \/>\t\t\t\t\t\t\t\t\t\t\t\t\t\t\t<\/div>\n\t\t\t\t<\/div>\n\t\t\t\t<\/div>\n\t\t<div class=\"elementor-element elementor-element-d6035a0 e-con-full e-flex e-con e-child\" data-id=\"d6035a0\" data-element_type=\"container\" data-e-type=\"container\">\n\t\t\t\t<div class=\"elementor-element elementor-element-b209cad elementor-widget elementor-widget-text-editor\" data-id=\"b209cad\" data-element_type=\"widget\" data-e-type=\"widget\" data-widget_type=\"text-editor.default\">\n\t\t\t\t<div class=\"elementor-widget-container\">\n\t\t\t\t\t\t\t\t\t<p><span dir=\"auto\" style=\"vertical-align: inherit;\"><span dir=\"auto\" style=\"vertical-align: inherit;\"><br><\/span><\/span><\/p><p><span dir=\"auto\" style=\"vertical-align: inherit;\"><span dir=\"auto\" style=\"vertical-align: inherit;\">Os alinhadores Real Aligner s\u00e3o desenvolvidos com a mais recente tecnologia para oferecer tratamentos ortod\u00f4nticos invis\u00edveis, previs\u00edveis, eficazes e confort\u00e1veis.<\/span><\/span><\/p>\t\t\t\t\t\t\t\t<\/div>\n\t\t\t\t<\/div>\n\t\t\t\t<\/div>\n\t\t\t\t<\/div>\n\t\t<div class=\"elementor-element elementor-element-0e9fd2d e-con-full e-flex e-con e-child\" data-id=\"0e9fd2d\" data-element_type=\"container\" data-e-type=\"container\">\n\t\t\t\t<div class=\"elementor-element elementor-element-ec9f892 elementor-widget elementor-widget-image\" data-id=\"ec9f892\" data-element_type=\"widget\" data-e-type=\"widget\" data-widget_type=\"image.default\">\n\t\t\t\t<div class=\"elementor-widget-container\">\n\t\t\t\t\t\t\t\t\t\t\t\t\t\t\t<img loading=\"lazy\" decoding=\"async\" width=\"800\" height=\"655\" src=\"https:\/\/realaligner.com\/wp-content\/uploads\/2026\/03\/img-bottom-1.png\" class=\"attachment-large size-large wp-image-4825\" alt=\"\" srcset=\"https:\/\/realaligner.com\/wp-content\/uploads\/2026\/03\/img-bottom-1.png 838w, https:\/\/realaligner.com\/wp-content\/uploads\/2026\/03\/img-bottom-1-300x246.png 300w, https:\/\/realaligner.com\/wp-content\/uploads\/2026\/03\/img-bottom-1-768x629.png 768w\" sizes=\"(max-width: 800px) 100vw, 800px\" \/>\t\t\t\t\t\t\t\t\t\t\t\t\t\t\t<\/div>\n\t\t\t\t<\/div>\n\t\t\t\t<div class=\"elementor-element elementor-element-d23fe62 elementor-widget elementor-widget-text-editor\" data-id=\"d23fe62\" data-element_type=\"widget\" data-e-type=\"widget\" data-widget_type=\"text-editor.default\">\n\t\t\t\t<div class=\"elementor-widget-container\">\n\t\t\t\t\t\t\t\t\t<p>Real Aligner garante um maior controlo e flexibilidade no tratamento, atrav\u00e9s de um produto t\u00e3o ajustado e resistente quanto confort\u00e1vel e eficiente.<\/p>\t\t\t\t\t\t\t\t<\/div>\n\t\t\t\t<\/div>\n\t\t\t\t<div class=\"elementor-element elementor-element-261e3d5 elementor-align-center button silver elementor-widget elementor-widget-button\" data-id=\"261e3d5\" data-element_type=\"widget\" data-e-type=\"widget\" data-widget_type=\"button.default\">\n\t\t\t\t<div class=\"elementor-widget-container\">\n\t\t\t\t\t\t\t\t\t<div class=\"elementor-button-wrapper\">\n\t\t\t\t\t<a class=\"elementor-button elementor-button-link elementor-size-sm\" href=\"https:\/\/realaligner.com\/pt-pt\/profissional\/o-que-te-oferecemos\/\">\n\t\t\t\t\t\t<span class=\"elementor-button-content-wrapper\">\n\t\t\t\t\t\t\t\t\t<span class=\"elementor-button-text\">Explore o sistema<\/span>\n\t\t\t\t\t<\/span>\n\t\t\t\t\t<\/a>\n\t\t\t\t<\/div>\n\t\t\t\t\t\t\t\t<\/div>\n\t\t\t\t<\/div>\n\t\t\t\t<\/div>\n\t\t\t\t\t<\/div>\n\t\t\t\t<\/section>\n\t\t\t\t<\/div>\n\t\t","protected":false},"excerpt":{"rendered":"<p>Real Aligner: o futuro da ortodontia invis\u00edvel O sistema Real Aligner permite que ofere\u00e7a aos seus pacientes um plano de tratamento totalmente personalizado, acompanhado de suporte cont\u00ednuo de uma equipa de m\u00e9dicos dentistas especializados. O tratamento evolui etapa a etapa: em cada uma, o paciente usa um conjunto de alinhadores que corrigem gradualmente a mordida [&hellip;]<\/p>\n","protected":false},"author":1,"featured_media":0,"parent":2560,"menu_order":0,"comment_status":"closed","ping_status":"closed","template":"elementor_header_footer","meta":{"footnotes":""},"class_list":["post-2512","page","type-page","status-publish","hentry"],"yoast_head":"<!-- This site is optimized with the Yoast SEO plugin v26.3 - https:\/\/yoast.com\/wordpress\/plugins\/seo\/ -->\n<title>Como funciona - RealAligner<\/title>\n<meta name=\"robots\" content=\"index, follow, max-snippet:-1, max-image-preview:large, max-video-preview:-1\" \/>\n<link rel=\"canonical\" href=\"https:\/\/realaligner.com\/pt-pt\/profissional\/funciona-da-seguinte-forma\/\" \/>\n<meta property=\"og:locale\" content=\"pt_PT\" \/>\n<meta property=\"og:type\" content=\"article\" \/>\n<meta property=\"og:title\" content=\"Como funciona - RealAligner\" \/>\n<meta property=\"og:description\" content=\"Real Aligner: o futuro da ortodontia invis\u00edvel O sistema Real Aligner permite que ofere\u00e7a aos seus pacientes um plano de tratamento totalmente personalizado, acompanhado de suporte cont\u00ednuo de uma equipa de m\u00e9dicos dentistas especializados. O tratamento evolui etapa a etapa: em cada uma, o paciente usa um conjunto de alinhadores que corrigem gradualmente a mordida [&hellip;]\" \/>\n<meta property=\"og:url\" content=\"https:\/\/realaligner.com\/pt-pt\/profissional\/funciona-da-seguinte-forma\/\" \/>\n<meta property=\"og:site_name\" content=\"RealAligner\" \/>\n<meta property=\"article:modified_time\" content=\"2026-04-07T14:29:01+00:00\" \/>\n<meta property=\"og:image\" content=\"https:\/\/realaligner.com\/wp-content\/uploads\/2026\/03\/nosotros.png\" \/>\n\t<meta property=\"og:image:width\" content=\"432\" \/>\n\t<meta property=\"og:image:height\" content=\"432\" \/>\n\t<meta property=\"og:image:type\" content=\"image\/png\" \/>\n<meta name=\"twitter:card\" content=\"summary_large_image\" \/>\n<meta name=\"twitter:label1\" content=\"Tempo estimado de leitura\" \/>\n\t<meta name=\"twitter:data1\" content=\"2 minutos\" \/>\n<script type=\"application\/ld+json\" class=\"yoast-schema-graph\">{\"@context\":\"https:\/\/schema.org\",\"@graph\":[{\"@type\":\"WebPage\",\"@id\":\"https:\/\/realaligner.com\/pt-pt\/profissional\/funciona-da-seguinte-forma\/\",\"url\":\"https:\/\/realaligner.com\/pt-pt\/profissional\/funciona-da-seguinte-forma\/\",\"name\":\"Como funciona - RealAligner\",\"isPartOf\":{\"@id\":\"https:\/\/realaligner.com\/pt-pt\/#website\"},\"primaryImageOfPage\":{\"@id\":\"https:\/\/realaligner.com\/pt-pt\/profissional\/funciona-da-seguinte-forma\/#primaryimage\"},\"image\":{\"@id\":\"https:\/\/realaligner.com\/pt-pt\/profissional\/funciona-da-seguinte-forma\/#primaryimage\"},\"thumbnailUrl\":\"https:\/\/realaligner.com\/wp-content\/uploads\/2026\/03\/nosotros.png\",\"datePublished\":\"2025-04-09T13:20:02+00:00\",\"dateModified\":\"2026-04-07T14:29:01+00:00\",\"breadcrumb\":{\"@id\":\"https:\/\/realaligner.com\/pt-pt\/profissional\/funciona-da-seguinte-forma\/#breadcrumb\"},\"inLanguage\":\"pt-PT\",\"potentialAction\":[{\"@type\":\"ReadAction\",\"target\":[\"https:\/\/realaligner.com\/pt-pt\/profissional\/funciona-da-seguinte-forma\/\"]}]},{\"@type\":\"ImageObject\",\"inLanguage\":\"pt-PT\",\"@id\":\"https:\/\/realaligner.com\/pt-pt\/profissional\/funciona-da-seguinte-forma\/#primaryimage\",\"url\":\"https:\/\/realaligner.com\/wp-content\/uploads\/2026\/03\/nosotros.png\",\"contentUrl\":\"https:\/\/realaligner.com\/wp-content\/uploads\/2026\/03\/nosotros.png\"},{\"@type\":\"BreadcrumbList\",\"@id\":\"https:\/\/realaligner.com\/pt-pt\/profissional\/funciona-da-seguinte-forma\/#breadcrumb\",\"itemListElement\":[{\"@type\":\"ListItem\",\"position\":1,\"name\":\"Portada\",\"item\":\"https:\/\/realaligner.com\/pt-pt\/\"},{\"@type\":\"ListItem\",\"position\":2,\"name\":\"Profissional\",\"item\":\"https:\/\/realaligner.com\/pt-pt\/profissional\/\"},{\"@type\":\"ListItem\",\"position\":3,\"name\":\"Como funciona\"}]},{\"@type\":\"WebSite\",\"@id\":\"https:\/\/realaligner.com\/pt-pt\/#website\",\"url\":\"https:\/\/realaligner.com\/pt-pt\/\",\"name\":\"RealAligner\",\"description\":\"\",\"publisher\":{\"@id\":\"https:\/\/realaligner.com\/pt-pt\/#organization\"},\"potentialAction\":[{\"@type\":\"SearchAction\",\"target\":{\"@type\":\"EntryPoint\",\"urlTemplate\":\"https:\/\/realaligner.com\/pt-pt\/?s={search_term_string}\"},\"query-input\":{\"@type\":\"PropertyValueSpecification\",\"valueRequired\":true,\"valueName\":\"search_term_string\"}}],\"inLanguage\":\"pt-PT\"},{\"@type\":\"Organization\",\"@id\":\"https:\/\/realaligner.com\/pt-pt\/#organization\",\"name\":\"RealAligner\",\"url\":\"https:\/\/realaligner.com\/pt-pt\/\",\"logo\":{\"@type\":\"ImageObject\",\"inLanguage\":\"pt-PT\",\"@id\":\"https:\/\/realaligner.com\/pt-pt\/#\/schema\/logo\/image\/\",\"url\":\"https:\/\/realaligner.com\/wp-content\/uploads\/2026\/03\/cropped-logo-dark-sm.png\",\"contentUrl\":\"https:\/\/realaligner.com\/wp-content\/uploads\/2026\/03\/cropped-logo-dark-sm.png\",\"width\":512,\"height\":512,\"caption\":\"RealAligner\"},\"image\":{\"@id\":\"https:\/\/realaligner.com\/pt-pt\/#\/schema\/logo\/image\/\"}}]}<\/script>\n<!-- \/ Yoast SEO plugin. -->","yoast_head_json":{"title":"Como funciona - RealAligner","robots":{"index":"index","follow":"follow","max-snippet":"max-snippet:-1","max-image-preview":"max-image-preview:large","max-video-preview":"max-video-preview:-1"},"canonical":"https:\/\/realaligner.com\/pt-pt\/profissional\/funciona-da-seguinte-forma\/","og_locale":"pt_PT","og_type":"article","og_title":"Como funciona - RealAligner","og_description":"Real Aligner: o futuro da ortodontia invis\u00edvel O sistema Real Aligner permite que ofere\u00e7a aos seus pacientes um plano de tratamento totalmente personalizado, acompanhado de suporte cont\u00ednuo de uma equipa de m\u00e9dicos dentistas especializados. O tratamento evolui etapa a etapa: em cada uma, o paciente usa um conjunto de alinhadores que corrigem gradualmente a mordida [&hellip;]","og_url":"https:\/\/realaligner.com\/pt-pt\/profissional\/funciona-da-seguinte-forma\/","og_site_name":"RealAligner","article_modified_time":"2026-04-07T14:29:01+00:00","og_image":[{"width":432,"height":432,"url":"https:\/\/realaligner.com\/wp-content\/uploads\/2026\/03\/nosotros.png","type":"image\/png"}],"twitter_card":"summary_large_image","twitter_misc":{"Tempo estimado de leitura":"2 minutos"},"schema":{"@context":"https:\/\/schema.org","@graph":[{"@type":"WebPage","@id":"https:\/\/realaligner.com\/pt-pt\/profissional\/funciona-da-seguinte-forma\/","url":"https:\/\/realaligner.com\/pt-pt\/profissional\/funciona-da-seguinte-forma\/","name":"Como funciona - RealAligner","isPartOf":{"@id":"https:\/\/realaligner.com\/pt-pt\/#website"},"primaryImageOfPage":{"@id":"https:\/\/realaligner.com\/pt-pt\/profissional\/funciona-da-seguinte-forma\/#primaryimage"},"image":{"@id":"https:\/\/realaligner.com\/pt-pt\/profissional\/funciona-da-seguinte-forma\/#primaryimage"},"thumbnailUrl":"https:\/\/realaligner.com\/wp-content\/uploads\/2026\/03\/nosotros.png","datePublished":"2025-04-09T13:20:02+00:00","dateModified":"2026-04-07T14:29:01+00:00","breadcrumb":{"@id":"https:\/\/realaligner.com\/pt-pt\/profissional\/funciona-da-seguinte-forma\/#breadcrumb"},"inLanguage":"pt-PT","potentialAction":[{"@type":"ReadAction","target":["https:\/\/realaligner.com\/pt-pt\/profissional\/funciona-da-seguinte-forma\/"]}]},{"@type":"ImageObject","inLanguage":"pt-PT","@id":"https:\/\/realaligner.com\/pt-pt\/profissional\/funciona-da-seguinte-forma\/#primaryimage","url":"https:\/\/realaligner.com\/wp-content\/uploads\/2026\/03\/nosotros.png","contentUrl":"https:\/\/realaligner.com\/wp-content\/uploads\/2026\/03\/nosotros.png"},{"@type":"BreadcrumbList","@id":"https:\/\/realaligner.com\/pt-pt\/profissional\/funciona-da-seguinte-forma\/#breadcrumb","itemListElement":[{"@type":"ListItem","position":1,"name":"Portada","item":"https:\/\/realaligner.com\/pt-pt\/"},{"@type":"ListItem","position":2,"name":"Profissional","item":"https:\/\/realaligner.com\/pt-pt\/profissional\/"},{"@type":"ListItem","position":3,"name":"Como funciona"}]},{"@type":"WebSite","@id":"https:\/\/realaligner.com\/pt-pt\/#website","url":"https:\/\/realaligner.com\/pt-pt\/","name":"RealAligner","description":"","publisher":{"@id":"https:\/\/realaligner.com\/pt-pt\/#organization"},"potentialAction":[{"@type":"SearchAction","target":{"@type":"EntryPoint","urlTemplate":"https:\/\/realaligner.com\/pt-pt\/?s={search_term_string}"},"query-input":{"@type":"PropertyValueSpecification","valueRequired":true,"valueName":"search_term_string"}}],"inLanguage":"pt-PT"},{"@type":"Organization","@id":"https:\/\/realaligner.com\/pt-pt\/#organization","name":"RealAligner","url":"https:\/\/realaligner.com\/pt-pt\/","logo":{"@type":"ImageObject","inLanguage":"pt-PT","@id":"https:\/\/realaligner.com\/pt-pt\/#\/schema\/logo\/image\/","url":"https:\/\/realaligner.com\/wp-content\/uploads\/2026\/03\/cropped-logo-dark-sm.png","contentUrl":"https:\/\/realaligner.com\/wp-content\/uploads\/2026\/03\/cropped-logo-dark-sm.png","width":512,"height":512,"caption":"RealAligner"},"image":{"@id":"https:\/\/realaligner.com\/pt-pt\/#\/schema\/logo\/image\/"}}]}},"_links":{"self":[{"href":"https:\/\/realaligner.com\/pt-pt\/wp-json\/wp\/v2\/pages\/2512","targetHints":{"allow":["GET"]}}],"collection":[{"href":"https:\/\/realaligner.com\/pt-pt\/wp-json\/wp\/v2\/pages"}],"about":[{"href":"https:\/\/realaligner.com\/pt-pt\/wp-json\/wp\/v2\/types\/page"}],"author":[{"embeddable":true,"href":"https:\/\/realaligner.com\/pt-pt\/wp-json\/wp\/v2\/users\/1"}],"replies":[{"embeddable":true,"href":"https:\/\/realaligner.com\/pt-pt\/wp-json\/wp\/v2\/comments?post=2512"}],"version-history":[{"count":19,"href":"https:\/\/realaligner.com\/pt-pt\/wp-json\/wp\/v2\/pages\/2512\/revisions"}],"predecessor-version":[{"id":5964,"href":"https:\/\/realaligner.com\/pt-pt\/wp-json\/wp\/v2\/pages\/2512\/revisions\/5964"}],"up":[{"embeddable":true,"href":"https:\/\/realaligner.com\/pt-pt\/wp-json\/wp\/v2\/pages\/2560"}],"wp:attachment":[{"href":"https:\/\/realaligner.com\/pt-pt\/wp-json\/wp\/v2\/media?parent=2512"}],"curies":[{"name":"wp","href":"https:\/\/api.w.org\/{rel}","templated":true}]}}