
{"id":2484,"date":"2025-04-08T10:39:44","date_gmt":"2025-04-08T08:39:44","guid":{"rendered":"https:\/\/realaligner.com\/como-funciona\/"},"modified":"2026-04-07T13:46:24","modified_gmt":"2026-04-07T11:46:24","slug":"como-funciona","status":"publish","type":"page","link":"https:\/\/realaligner.com\/pt-pt\/como-funciona\/","title":{"rendered":"Como funciona"},"content":{"rendered":"\t\t<div data-elementor-type=\"wp-page\" data-elementor-id=\"2484\" class=\"elementor elementor-2484 elementor-32\" data-elementor-post-type=\"page\">\n\t\t\t\t<section class=\"elementor-element elementor-element-b3eb7c3 franja-top black e-flex e-con-boxed e-con e-parent\" data-id=\"b3eb7c3\" data-element_type=\"container\" data-e-type=\"container\">\n\t\t\t\t\t<div class=\"e-con-inner\">\n\t\t<div class=\"elementor-element elementor-element-cd80a4a e-con-full cont-vacio e-flex e-con e-child\" data-id=\"cd80a4a\" data-element_type=\"container\" data-e-type=\"container\">\n\t\t\t\t<\/div>\n\t\t<div class=\"elementor-element elementor-element-aaef23e e-con-full e-flex e-con e-child\" data-id=\"aaef23e\" data-element_type=\"container\" data-e-type=\"container\">\n\t\t\t\t<div class=\"elementor-element elementor-element-ad69cf5 big elementor-invisible elementor-widget elementor-widget-heading\" data-id=\"ad69cf5\" data-element_type=\"widget\" data-e-type=\"widget\" data-settings=\"{&quot;_animation&quot;:&quot;fadeIn&quot;}\" data-widget_type=\"heading.default\">\n\t\t\t\t<div class=\"elementor-widget-container\">\n\t\t\t\t\t<h2 class=\"elementor-heading-title elementor-size-default\">A Revolu\u00e7\u00e3o do Sorriso<br><\/h2>\t\t\t\t<\/div>\n\t\t\t\t<\/div>\n\t\t\t\t<\/div>\n\t\t\t\t\t<\/div>\n\t\t\t\t<\/section>\n\t\t<section class=\"elementor-element elementor-element-5885600 consulta cont-sm e-flex e-con-boxed e-con e-parent\" data-id=\"5885600\" data-element_type=\"container\" data-e-type=\"container\">\n\t\t\t\t\t<div class=\"e-con-inner\">\n\t\t<div class=\"elementor-element elementor-element-8e6a644 e-con-full cont-s e-flex e-con e-child\" data-id=\"8e6a644\" data-element_type=\"container\" data-e-type=\"container\">\n\t\t<div class=\"elementor-element elementor-element-4fad23a e-con-full cont-img-superior e-flex e-con e-child\" data-id=\"4fad23a\" data-element_type=\"container\" data-e-type=\"container\">\n\t\t\t\t<div class=\"elementor-element elementor-element-c497a64 elementor-invisible elementor-widget elementor-widget-image\" data-id=\"c497a64\" data-element_type=\"widget\" data-e-type=\"widget\" data-settings=\"{&quot;_animation&quot;:&quot;fadeInUp&quot;}\" data-widget_type=\"image.default\">\n\t\t\t\t<div class=\"elementor-widget-container\">\n\t\t\t\t\t\t\t\t\t\t\t\t\t\t\t<img fetchpriority=\"high\" decoding=\"async\" width=\"432\" height=\"432\" src=\"https:\/\/realaligner.com\/wp-content\/uploads\/2026\/03\/nosotros.png\" class=\"attachment-large size-large wp-image-4422\" alt=\"\" srcset=\"https:\/\/realaligner.com\/wp-content\/uploads\/2026\/03\/nosotros.png 432w, https:\/\/realaligner.com\/wp-content\/uploads\/2026\/03\/nosotros-300x300.png 300w, https:\/\/realaligner.com\/wp-content\/uploads\/2026\/03\/nosotros-150x150.png 150w\" sizes=\"(max-width: 432px) 100vw, 432px\" \/>\t\t\t\t\t\t\t\t\t\t\t\t\t\t\t<\/div>\n\t\t\t\t<\/div>\n\t\t\t\t<\/div>\n\t\t<div class=\"elementor-element elementor-element-951e649 e-con-full e-flex e-con e-child\" data-id=\"951e649\" data-element_type=\"container\" data-e-type=\"container\">\n\t\t\t\t<div class=\"elementor-element elementor-element-15a4e30 elementor-invisible elementor-widget elementor-widget-text-editor\" data-id=\"15a4e30\" data-element_type=\"widget\" data-e-type=\"widget\" data-settings=\"{&quot;_animation&quot;:&quot;fadeInUp&quot;}\" data-widget_type=\"text-editor.default\">\n\t\t\t\t<div class=\"elementor-widget-container\">\n\t\t\t\t\t\t\t\t\t<p>O tratamento ortod\u00f4ntico invis\u00edvel RealAligner consiste em diferentes fases, nas quais s\u00e3o efectuados movimentos pr\u00e9-planeados.<\/p>\t\t\t\t\t\t\t\t<\/div>\n\t\t\t\t<\/div>\n\t\t\t\t<\/div>\n\t\t\t\t<\/div>\n\t\t<div class=\"elementor-element elementor-element-4ae6811 e-con-full e-flex e-con e-child\" data-id=\"4ae6811\" data-element_type=\"container\" data-e-type=\"container\" data-settings=\"{&quot;background_background&quot;:&quot;classic&quot;}\">\n\t\t\t\t<div class=\"elementor-element elementor-element-e75ff23 elementor-absolute elementor-widget elementor-widget-text-editor\" data-id=\"e75ff23\" data-element_type=\"widget\" data-e-type=\"widget\" id=\"mordAb\" data-settings=\"{&quot;_position&quot;:&quot;absolute&quot;}\" data-widget_type=\"text-editor.default\">\n\t\t\t\t<div class=\"elementor-widget-container\">\n\t\t\t\t\t\t\t\t\t<p>Mordida aberta<\/p>\t\t\t\t\t\t\t\t<\/div>\n\t\t\t\t<\/div>\n\t\t\t\t<div class=\"elementor-element elementor-element-2d88bc1 elementor-absolute elementor-widget elementor-widget-text-editor\" data-id=\"2d88bc1\" data-element_type=\"widget\" data-e-type=\"widget\" id=\"diastema\" data-settings=\"{&quot;_position&quot;:&quot;absolute&quot;}\" data-widget_type=\"text-editor.default\">\n\t\t\t\t<div class=\"elementor-widget-container\">\n\t\t\t\t\t\t\t\t\t<p>Diastema<\/p>\t\t\t\t\t\t\t\t<\/div>\n\t\t\t\t<\/div>\n\t\t\t\t<div class=\"elementor-element elementor-element-641a523 elementor-absolute elementor-widget elementor-widget-text-editor\" data-id=\"641a523\" data-element_type=\"widget\" data-e-type=\"widget\" id=\"mordidaCruz\" data-settings=\"{&quot;_position&quot;:&quot;absolute&quot;}\" data-widget_type=\"text-editor.default\">\n\t\t\t\t<div class=\"elementor-widget-container\">\n\t\t\t\t\t\t\t\t\t<p>Mordida cruzada<\/p>\t\t\t\t\t\t\t\t<\/div>\n\t\t\t\t<\/div>\n\t\t\t\t<div class=\"elementor-element elementor-element-948814d elementor-absolute elementor-widget elementor-widget-text-editor\" data-id=\"948814d\" data-element_type=\"widget\" data-e-type=\"widget\" id=\"mordidaInv\" data-settings=\"{&quot;_position&quot;:&quot;absolute&quot;}\" data-widget_type=\"text-editor.default\">\n\t\t\t\t<div class=\"elementor-widget-container\">\n\t\t\t\t\t\t\t\t\t<p>Mordida cruzada anterior ou prognatismo<\/p>\t\t\t\t\t\t\t\t<\/div>\n\t\t\t\t<\/div>\n\t\t\t\t<div class=\"elementor-element elementor-element-eaa2b82 elementor-absolute elementor-widget elementor-widget-text-editor\" data-id=\"eaa2b82\" data-element_type=\"widget\" data-e-type=\"widget\" id=\"desviacion\" data-settings=\"{&quot;_position&quot;:&quot;absolute&quot;}\" data-widget_type=\"text-editor.default\">\n\t\t\t\t<div class=\"elementor-widget-container\">\n\t\t\t\t\t\t\t\t\t<p>Desvio da linha m\u00e9dia<\/p>\t\t\t\t\t\t\t\t<\/div>\n\t\t\t\t<\/div>\n\t\t\t\t<div class=\"elementor-element elementor-element-f22f08d elementor-absolute elementor-widget elementor-widget-text-editor\" data-id=\"f22f08d\" data-element_type=\"widget\" data-e-type=\"widget\" id=\"sobremordida\" data-settings=\"{&quot;_position&quot;:&quot;absolute&quot;}\" data-widget_type=\"text-editor.default\">\n\t\t\t\t<div class=\"elementor-widget-container\">\n\t\t\t\t\t\t\t\t\t<p>Mordida profunda ou<br \/>sobremordida<\/p><p>\u00a0<\/p>\t\t\t\t\t\t\t\t<\/div>\n\t\t\t\t<\/div>\n\t\t\t\t<div class=\"elementor-element elementor-element-327e91c elementor-absolute elementor-widget elementor-widget-text-editor\" data-id=\"327e91c\" data-element_type=\"widget\" data-e-type=\"widget\" id=\"problemaApi\" data-settings=\"{&quot;_position&quot;:&quot;absolute&quot;}\" data-widget_type=\"text-editor.default\">\n\t\t\t\t<div class=\"elementor-widget-container\">\n\t\t\t\t\t\t\t\t\t<p>Apinhamento<\/p>\t\t\t\t\t\t\t\t<\/div>\n\t\t\t\t<\/div>\n\t\t\t\t<\/div>\n\t\t<div class=\"elementor-element elementor-element-2a7aeea e-con-full linea e-flex elementor-invisible e-con e-child\" data-id=\"2a7aeea\" data-element_type=\"container\" data-e-type=\"container\" data-settings=\"{&quot;animation&quot;:&quot;fadeIn&quot;}\">\n\t\t\t\t<\/div>\n\t\t\t\t<div class=\"elementor-element elementor-element-2e6d76a text-consulta elementor-invisible elementor-widget elementor-widget-text-editor\" data-id=\"2e6d76a\" data-element_type=\"widget\" data-e-type=\"widget\" data-settings=\"{&quot;_animation&quot;:&quot;fadeIn&quot;}\" data-widget_type=\"text-editor.default\">\n\t\t\t\t<div class=\"elementor-widget-container\">\n\t\t\t\t\t\t\t\t\t<p>Consulte o seu dentista para obter mais detalhes sobre o seu caso espec\u00edfico em<br \/>.<\/p>\t\t\t\t\t\t\t\t<\/div>\n\t\t\t\t<\/div>\n\t\t\t\t\t<\/div>\n\t\t\t\t<\/section>\n\t\t<section class=\"elementor-element elementor-element-95ef794 bg-como e-flex e-con-boxed e-con e-parent\" data-id=\"95ef794\" data-element_type=\"container\" data-e-type=\"container\" data-settings=\"{&quot;background_background&quot;:&quot;classic&quot;,&quot;background_motion_fx_motion_fx_scrolling&quot;:&quot;yes&quot;,&quot;background_motion_fx_translateY_effect&quot;:&quot;yes&quot;,&quot;background_motion_fx_translateY_speed&quot;:{&quot;unit&quot;:&quot;px&quot;,&quot;size&quot;:3,&quot;sizes&quot;:[]},&quot;background_motion_fx_translateY_affectedRange&quot;:{&quot;unit&quot;:&quot;%&quot;,&quot;size&quot;:&quot;&quot;,&quot;sizes&quot;:{&quot;start&quot;:0,&quot;end&quot;:100}},&quot;background_motion_fx_devices&quot;:[&quot;desktop&quot;,&quot;tablet&quot;,&quot;mobile&quot;]}\">\n\t\t\t\t\t<div class=\"e-con-inner\">\n\t\t\t\t\t<\/div>\n\t\t\t\t<\/section>\n\t\t<section class=\"elementor-element elementor-element-731b7e5 e-flex e-con-boxed e-con e-parent\" data-id=\"731b7e5\" data-element_type=\"container\" data-e-type=\"container\" id=\"dudas\">\n\t\t\t\t\t<div class=\"e-con-inner\">\n\t\t<div class=\"elementor-element elementor-element-8be8610 e-con-full texto-gracias e-flex e-con e-child\" data-id=\"8be8610\" data-element_type=\"container\" data-e-type=\"container\">\n\t\t<div class=\"elementor-element elementor-element-bc1b4bd e-con-full e-flex e-con e-child\" data-id=\"bc1b4bd\" data-element_type=\"container\" data-e-type=\"container\">\n\t\t\t\t<div class=\"elementor-element elementor-element-37e27ac elementor-invisible elementor-widget elementor-widget-image\" data-id=\"37e27ac\" data-element_type=\"widget\" data-e-type=\"widget\" data-settings=\"{&quot;_animation&quot;:&quot;fadeInLeft&quot;}\" data-widget_type=\"image.default\">\n\t\t\t\t<div class=\"elementor-widget-container\">\n\t\t\t\t\t\t\t\t\t\t\t\t\t\t\t<img decoding=\"async\" width=\"260\" height=\"200\" src=\"https:\/\/realaligner.com\/wp-content\/uploads\/2026\/03\/lineas-dentadura.png\" class=\"attachment-large size-large wp-image-4461\" alt=\"\" \/>\t\t\t\t\t\t\t\t\t\t\t\t\t\t\t<\/div>\n\t\t\t\t<\/div>\n\t\t\t\t<\/div>\n\t\t<div class=\"elementor-element elementor-element-ef1e632 e-con-full e-flex e-con e-child\" data-id=\"ef1e632\" data-element_type=\"container\" data-e-type=\"container\">\n\t\t\t\t<div class=\"elementor-element elementor-element-cd74952 elementor-invisible elementor-widget elementor-widget-text-editor\" data-id=\"cd74952\" data-element_type=\"widget\" data-e-type=\"widget\" data-settings=\"{&quot;_animation&quot;:&quot;fadeInRight&quot;}\" data-widget_type=\"text-editor.default\">\n\t\t\t\t<div class=\"elementor-widget-container\">\n\t\t\t\t\t\t\t\t\t<p data-start=\"120\" data-end=\"264\">Gra\u00e7as ao nosso sistema de impress\u00e3o digital, alcan\u00e7amos um n\u00edvel de transpar\u00eancia \u00f3timo, tornando os nossos alinhadores praticamente invis\u00edveis.<\/p><p data-start=\"266\" data-end=\"336\">Um tratamento est\u00e9tico e discreto, pensado para o seu conforto.<\/p>\t\t\t\t\t\t\t\t<\/div>\n\t\t\t\t<\/div>\n\t\t\t\t<\/div>\n\t\t\t\t<\/div>\n\t\t<div class=\"elementor-element elementor-element-01c336e e-con-full cont-dudas e-flex elementor-invisible e-con e-child\" data-id=\"01c336e\" data-element_type=\"container\" data-e-type=\"container\" data-settings=\"{&quot;animation&quot;:&quot;fadeIn&quot;}\">\n\t\t\t\t<div class=\"elementor-element elementor-element-9da2ed5 cont-up-text elementor-widget__width-initial elementor-widget elementor-widget-text-editor\" data-id=\"9da2ed5\" data-element_type=\"widget\" data-e-type=\"widget\" data-widget_type=\"text-editor.default\">\n\t\t\t\t<div class=\"elementor-widget-container\">\n\t\t\t\t\t\t\t\t\t<p>Um plano <strong>personalizado <\/strong>que utiliza a tecnologia mais recente para lhe proporcionar o tratamento <strong>mais eficaz<\/strong> no <strong>mais curto espa\u00e7o de tempo <\/strong>poss\u00edvel.<\/p>\t\t\t\t\t\t\t\t<\/div>\n\t\t\t\t<\/div>\n\t\t\t\t<div class=\"elementor-element elementor-element-f40b894 elementor-widget elementor-widget-image\" data-id=\"f40b894\" data-element_type=\"widget\" data-e-type=\"widget\" data-widget_type=\"image.default\">\n\t\t\t\t<div class=\"elementor-widget-container\">\n\t\t\t\t\t\t\t\t\t\t\t\t\t\t\t<img decoding=\"async\" width=\"581\" height=\"524\" src=\"https:\/\/realaligner.com\/wp-content\/uploads\/2026\/03\/dudas-3.png\" class=\"attachment-full size-full wp-image-4448\" alt=\"\" srcset=\"https:\/\/realaligner.com\/wp-content\/uploads\/2026\/03\/dudas-3.png 581w, https:\/\/realaligner.com\/wp-content\/uploads\/2026\/03\/dudas-3-300x271.png 300w\" sizes=\"(max-width: 581px) 100vw, 581px\" \/>\t\t\t\t\t\t\t\t\t\t\t\t\t\t\t<\/div>\n\t\t\t\t<\/div>\n\t\t\t\t<div class=\"elementor-element elementor-element-9b496ef elementor-align-center button silver elementor-widget elementor-widget-button\" data-id=\"9b496ef\" data-element_type=\"widget\" data-e-type=\"widget\" data-widget_type=\"button.default\">\n\t\t\t\t<div class=\"elementor-widget-container\">\n\t\t\t\t\t\t\t\t\t<div class=\"elementor-button-wrapper\">\n\t\t\t\t\t<a class=\"elementor-button elementor-button-link elementor-size-sm\" href=\"#\">\n\t\t\t\t\t\t<span class=\"elementor-button-content-wrapper\">\n\t\t\t\t\t\t\t\t\t<span class=\"elementor-button-text\">Ainda tem d\u00favidas?<\/span>\n\t\t\t\t\t<\/span>\n\t\t\t\t\t<\/a>\n\t\t\t\t<\/div>\n\t\t\t\t\t\t\t\t<\/div>\n\t\t\t\t<\/div>\n\t\t\t\t<\/div>\n\t\t\t\t\t<\/div>\n\t\t\t\t<\/section>\n\t\t\t\t<\/div>\n\t\t","protected":false},"excerpt":{"rendered":"<p>A Revolu\u00e7\u00e3o do Sorriso O tratamento ortod\u00f4ntico invis\u00edvel RealAligner consiste em diferentes fases, nas quais s\u00e3o efectuados movimentos pr\u00e9-planeados. Mordida aberta Diastema Mordida cruzada Mordida cruzada anterior ou prognatismo Desvio da linha m\u00e9dia Mordida profunda ousobremordida \u00a0 Apinhamento Consulte o seu dentista para obter mais detalhes sobre o seu caso espec\u00edfico em. Gra\u00e7as ao nosso [&hellip;]<\/p>\n","protected":false},"author":1,"featured_media":0,"parent":0,"menu_order":0,"comment_status":"closed","ping_status":"closed","template":"elementor_header_footer","meta":{"footnotes":""},"class_list":["post-2484","page","type-page","status-publish","hentry"],"yoast_head":"<!-- This site is optimized with the Yoast SEO plugin v26.3 - https:\/\/yoast.com\/wordpress\/plugins\/seo\/ -->\n<title>Como funciona - RealAligner<\/title>\n<meta name=\"robots\" content=\"index, follow, max-snippet:-1, max-image-preview:large, max-video-preview:-1\" \/>\n<link rel=\"canonical\" href=\"https:\/\/realaligner.com\/pt-pt\/como-funciona\/\" \/>\n<meta property=\"og:locale\" content=\"pt_PT\" \/>\n<meta property=\"og:type\" content=\"article\" \/>\n<meta property=\"og:title\" content=\"Como funciona - RealAligner\" \/>\n<meta property=\"og:description\" content=\"A Revolu\u00e7\u00e3o do Sorriso O tratamento ortod\u00f4ntico invis\u00edvel RealAligner consiste em diferentes fases, nas quais s\u00e3o efectuados movimentos pr\u00e9-planeados. Mordida aberta Diastema Mordida cruzada Mordida cruzada anterior ou prognatismo Desvio da linha m\u00e9dia Mordida profunda ousobremordida \u00a0 Apinhamento Consulte o seu dentista para obter mais detalhes sobre o seu caso espec\u00edfico em. Gra\u00e7as ao nosso [&hellip;]\" \/>\n<meta property=\"og:url\" content=\"https:\/\/realaligner.com\/pt-pt\/como-funciona\/\" \/>\n<meta property=\"og:site_name\" content=\"RealAligner\" \/>\n<meta property=\"article:modified_time\" content=\"2026-04-07T11:46:24+00:00\" \/>\n<meta property=\"og:image\" content=\"https:\/\/realaligner.com\/wp-content\/uploads\/2026\/03\/nosotros.png\" \/>\n\t<meta property=\"og:image:width\" content=\"432\" \/>\n\t<meta property=\"og:image:height\" content=\"432\" \/>\n\t<meta property=\"og:image:type\" content=\"image\/png\" \/>\n<meta name=\"twitter:card\" content=\"summary_large_image\" \/>\n<meta name=\"twitter:label1\" content=\"Tempo estimado de leitura\" \/>\n\t<meta name=\"twitter:data1\" content=\"2 minutos\" \/>\n<script type=\"application\/ld+json\" class=\"yoast-schema-graph\">{\"@context\":\"https:\/\/schema.org\",\"@graph\":[{\"@type\":\"WebPage\",\"@id\":\"https:\/\/realaligner.com\/pt-pt\/como-funciona\/\",\"url\":\"https:\/\/realaligner.com\/pt-pt\/como-funciona\/\",\"name\":\"Como funciona - RealAligner\",\"isPartOf\":{\"@id\":\"https:\/\/realaligner.com\/pt-pt\/#website\"},\"primaryImageOfPage\":{\"@id\":\"https:\/\/realaligner.com\/pt-pt\/como-funciona\/#primaryimage\"},\"image\":{\"@id\":\"https:\/\/realaligner.com\/pt-pt\/como-funciona\/#primaryimage\"},\"thumbnailUrl\":\"https:\/\/realaligner.com\/wp-content\/uploads\/2026\/03\/nosotros.png\",\"datePublished\":\"2025-04-08T08:39:44+00:00\",\"dateModified\":\"2026-04-07T11:46:24+00:00\",\"breadcrumb\":{\"@id\":\"https:\/\/realaligner.com\/pt-pt\/como-funciona\/#breadcrumb\"},\"inLanguage\":\"pt-PT\",\"potentialAction\":[{\"@type\":\"ReadAction\",\"target\":[\"https:\/\/realaligner.com\/pt-pt\/como-funciona\/\"]}]},{\"@type\":\"ImageObject\",\"inLanguage\":\"pt-PT\",\"@id\":\"https:\/\/realaligner.com\/pt-pt\/como-funciona\/#primaryimage\",\"url\":\"https:\/\/realaligner.com\/wp-content\/uploads\/2026\/03\/nosotros.png\",\"contentUrl\":\"https:\/\/realaligner.com\/wp-content\/uploads\/2026\/03\/nosotros.png\"},{\"@type\":\"BreadcrumbList\",\"@id\":\"https:\/\/realaligner.com\/pt-pt\/como-funciona\/#breadcrumb\",\"itemListElement\":[{\"@type\":\"ListItem\",\"position\":1,\"name\":\"Portada\",\"item\":\"https:\/\/realaligner.com\/pt-pt\/\"},{\"@type\":\"ListItem\",\"position\":2,\"name\":\"Como funciona\"}]},{\"@type\":\"WebSite\",\"@id\":\"https:\/\/realaligner.com\/pt-pt\/#website\",\"url\":\"https:\/\/realaligner.com\/pt-pt\/\",\"name\":\"RealAligner\",\"description\":\"\",\"publisher\":{\"@id\":\"https:\/\/realaligner.com\/pt-pt\/#organization\"},\"potentialAction\":[{\"@type\":\"SearchAction\",\"target\":{\"@type\":\"EntryPoint\",\"urlTemplate\":\"https:\/\/realaligner.com\/pt-pt\/?s={search_term_string}\"},\"query-input\":{\"@type\":\"PropertyValueSpecification\",\"valueRequired\":true,\"valueName\":\"search_term_string\"}}],\"inLanguage\":\"pt-PT\"},{\"@type\":\"Organization\",\"@id\":\"https:\/\/realaligner.com\/pt-pt\/#organization\",\"name\":\"RealAligner\",\"url\":\"https:\/\/realaligner.com\/pt-pt\/\",\"logo\":{\"@type\":\"ImageObject\",\"inLanguage\":\"pt-PT\",\"@id\":\"https:\/\/realaligner.com\/pt-pt\/#\/schema\/logo\/image\/\",\"url\":\"https:\/\/realaligner.com\/wp-content\/uploads\/2026\/03\/cropped-logo-dark-sm.png\",\"contentUrl\":\"https:\/\/realaligner.com\/wp-content\/uploads\/2026\/03\/cropped-logo-dark-sm.png\",\"width\":512,\"height\":512,\"caption\":\"RealAligner\"},\"image\":{\"@id\":\"https:\/\/realaligner.com\/pt-pt\/#\/schema\/logo\/image\/\"}}]}<\/script>\n<!-- \/ Yoast SEO plugin. -->","yoast_head_json":{"title":"Como funciona - RealAligner","robots":{"index":"index","follow":"follow","max-snippet":"max-snippet:-1","max-image-preview":"max-image-preview:large","max-video-preview":"max-video-preview:-1"},"canonical":"https:\/\/realaligner.com\/pt-pt\/como-funciona\/","og_locale":"pt_PT","og_type":"article","og_title":"Como funciona - RealAligner","og_description":"A Revolu\u00e7\u00e3o do Sorriso O tratamento ortod\u00f4ntico invis\u00edvel RealAligner consiste em diferentes fases, nas quais s\u00e3o efectuados movimentos pr\u00e9-planeados. Mordida aberta Diastema Mordida cruzada Mordida cruzada anterior ou prognatismo Desvio da linha m\u00e9dia Mordida profunda ousobremordida \u00a0 Apinhamento Consulte o seu dentista para obter mais detalhes sobre o seu caso espec\u00edfico em. Gra\u00e7as ao nosso [&hellip;]","og_url":"https:\/\/realaligner.com\/pt-pt\/como-funciona\/","og_site_name":"RealAligner","article_modified_time":"2026-04-07T11:46:24+00:00","og_image":[{"width":432,"height":432,"url":"https:\/\/realaligner.com\/wp-content\/uploads\/2026\/03\/nosotros.png","type":"image\/png"}],"twitter_card":"summary_large_image","twitter_misc":{"Tempo estimado de leitura":"2 minutos"},"schema":{"@context":"https:\/\/schema.org","@graph":[{"@type":"WebPage","@id":"https:\/\/realaligner.com\/pt-pt\/como-funciona\/","url":"https:\/\/realaligner.com\/pt-pt\/como-funciona\/","name":"Como funciona - RealAligner","isPartOf":{"@id":"https:\/\/realaligner.com\/pt-pt\/#website"},"primaryImageOfPage":{"@id":"https:\/\/realaligner.com\/pt-pt\/como-funciona\/#primaryimage"},"image":{"@id":"https:\/\/realaligner.com\/pt-pt\/como-funciona\/#primaryimage"},"thumbnailUrl":"https:\/\/realaligner.com\/wp-content\/uploads\/2026\/03\/nosotros.png","datePublished":"2025-04-08T08:39:44+00:00","dateModified":"2026-04-07T11:46:24+00:00","breadcrumb":{"@id":"https:\/\/realaligner.com\/pt-pt\/como-funciona\/#breadcrumb"},"inLanguage":"pt-PT","potentialAction":[{"@type":"ReadAction","target":["https:\/\/realaligner.com\/pt-pt\/como-funciona\/"]}]},{"@type":"ImageObject","inLanguage":"pt-PT","@id":"https:\/\/realaligner.com\/pt-pt\/como-funciona\/#primaryimage","url":"https:\/\/realaligner.com\/wp-content\/uploads\/2026\/03\/nosotros.png","contentUrl":"https:\/\/realaligner.com\/wp-content\/uploads\/2026\/03\/nosotros.png"},{"@type":"BreadcrumbList","@id":"https:\/\/realaligner.com\/pt-pt\/como-funciona\/#breadcrumb","itemListElement":[{"@type":"ListItem","position":1,"name":"Portada","item":"https:\/\/realaligner.com\/pt-pt\/"},{"@type":"ListItem","position":2,"name":"Como funciona"}]},{"@type":"WebSite","@id":"https:\/\/realaligner.com\/pt-pt\/#website","url":"https:\/\/realaligner.com\/pt-pt\/","name":"RealAligner","description":"","publisher":{"@id":"https:\/\/realaligner.com\/pt-pt\/#organization"},"potentialAction":[{"@type":"SearchAction","target":{"@type":"EntryPoint","urlTemplate":"https:\/\/realaligner.com\/pt-pt\/?s={search_term_string}"},"query-input":{"@type":"PropertyValueSpecification","valueRequired":true,"valueName":"search_term_string"}}],"inLanguage":"pt-PT"},{"@type":"Organization","@id":"https:\/\/realaligner.com\/pt-pt\/#organization","name":"RealAligner","url":"https:\/\/realaligner.com\/pt-pt\/","logo":{"@type":"ImageObject","inLanguage":"pt-PT","@id":"https:\/\/realaligner.com\/pt-pt\/#\/schema\/logo\/image\/","url":"https:\/\/realaligner.com\/wp-content\/uploads\/2026\/03\/cropped-logo-dark-sm.png","contentUrl":"https:\/\/realaligner.com\/wp-content\/uploads\/2026\/03\/cropped-logo-dark-sm.png","width":512,"height":512,"caption":"RealAligner"},"image":{"@id":"https:\/\/realaligner.com\/pt-pt\/#\/schema\/logo\/image\/"}}]}},"_links":{"self":[{"href":"https:\/\/realaligner.com\/pt-pt\/wp-json\/wp\/v2\/pages\/2484","targetHints":{"allow":["GET"]}}],"collection":[{"href":"https:\/\/realaligner.com\/pt-pt\/wp-json\/wp\/v2\/pages"}],"about":[{"href":"https:\/\/realaligner.com\/pt-pt\/wp-json\/wp\/v2\/types\/page"}],"author":[{"embeddable":true,"href":"https:\/\/realaligner.com\/pt-pt\/wp-json\/wp\/v2\/users\/1"}],"replies":[{"embeddable":true,"href":"https:\/\/realaligner.com\/pt-pt\/wp-json\/wp\/v2\/comments?post=2484"}],"version-history":[{"count":24,"href":"https:\/\/realaligner.com\/pt-pt\/wp-json\/wp\/v2\/pages\/2484\/revisions"}],"predecessor-version":[{"id":5935,"href":"https:\/\/realaligner.com\/pt-pt\/wp-json\/wp\/v2\/pages\/2484\/revisions\/5935"}],"wp:attachment":[{"href":"https:\/\/realaligner.com\/pt-pt\/wp-json\/wp\/v2\/media?parent=2484"}],"curies":[{"name":"wp","href":"https:\/\/api.w.org\/{rel}","templated":true}]}}