
{"id":2477,"date":"2025-04-07T18:29:43","date_gmt":"2025-04-07T16:29:43","guid":{"rendered":"https:\/\/realaligner.com\/casa\/"},"modified":"2026-04-07T13:26:32","modified_gmt":"2026-04-07T11:26:32","slug":"home","status":"publish","type":"page","link":"https:\/\/realaligner.com\/pt-pt\/","title":{"rendered":"Casa"},"content":{"rendered":"\t\t<div data-elementor-type=\"wp-page\" data-elementor-id=\"2477\" class=\"elementor elementor-2477 elementor-25\" data-elementor-post-type=\"page\">\n\t\t\t\t<section class=\"elementor-element elementor-element-d519dba franja-top black e-flex e-con-boxed e-con e-parent\" data-id=\"d519dba\" data-element_type=\"container\" data-e-type=\"container\">\n\t\t\t\t\t<div class=\"e-con-inner\">\n\t\t<div class=\"elementor-element elementor-element-5205f33 e-con-full cont-vacio e-flex e-con e-child\" data-id=\"5205f33\" data-element_type=\"container\" data-e-type=\"container\">\n\t\t\t\t<\/div>\n\t\t<div class=\"elementor-element elementor-element-2283be7 e-con-full e-flex elementor-invisible e-con e-child\" data-id=\"2283be7\" data-element_type=\"container\" data-e-type=\"container\" data-settings=\"{&quot;animation&quot;:&quot;fadeIn&quot;}\">\n\t\t\t\t<div class=\"elementor-element elementor-element-ca6d112 big elementor-widget elementor-widget-heading\" data-id=\"ca6d112\" data-element_type=\"widget\" data-e-type=\"widget\" data-widget_type=\"heading.default\">\n\t\t\t\t<div class=\"elementor-widget-container\">\n\t\t\t\t\t<h2 class=\"elementor-heading-title elementor-size-default\">Sorrisos que brilham<\/h2>\t\t\t\t<\/div>\n\t\t\t\t<\/div>\n\t\t\t\t<div class=\"elementor-element elementor-element-4ddd8a2 text-silver elementor-widget elementor-widget-heading\" data-id=\"4ddd8a2\" data-element_type=\"widget\" data-e-type=\"widget\" data-widget_type=\"heading.default\">\n\t\t\t\t<div class=\"elementor-widget-container\">\n\t\t\t\t\t<h2 class=\"elementor-heading-title elementor-size-default\">Criados por especialistas<\/h2>\t\t\t\t<\/div>\n\t\t\t\t<\/div>\n\t\t\t\t<\/div>\n\t\t\t\t\t<\/div>\n\t\t\t\t<\/section>\n\t\t<section class=\"elementor-element elementor-element-1233a8b e-flex e-con-boxed e-con e-parent\" data-id=\"1233a8b\" data-element_type=\"container\" data-e-type=\"container\" id=\"chica\" data-settings=\"{&quot;animation&quot;:&quot;none&quot;}\">\n\t\t\t\t\t<div class=\"e-con-inner\">\n\t\t<div class=\"elementor-element elementor-element-8a4d933 e-con-full e-flex e-con e-child\" data-id=\"8a4d933\" data-element_type=\"container\" data-e-type=\"container\">\n\t\t\t\t<div class=\"elementor-element elementor-element-ffeeb0e img-chica elementor-widget elementor-widget-image\" data-id=\"ffeeb0e\" data-element_type=\"widget\" data-e-type=\"widget\" data-widget_type=\"image.default\">\n\t\t\t\t<div class=\"elementor-widget-container\">\n\t\t\t\t\t\t\t\t\t\t\t\t\t\t\t<img fetchpriority=\"high\" decoding=\"async\" width=\"556\" height=\"953\" src=\"https:\/\/realaligner.com\/wp-content\/uploads\/2026\/03\/mujer.png\" class=\"attachment-large size-large wp-image-4281\" alt=\"\" srcset=\"https:\/\/realaligner.com\/wp-content\/uploads\/2026\/03\/mujer.png 556w, https:\/\/realaligner.com\/wp-content\/uploads\/2026\/03\/mujer-175x300.png 175w\" sizes=\"(max-width: 556px) 100vw, 556px\" \/>\t\t\t\t\t\t\t\t\t\t\t\t\t\t\t<\/div>\n\t\t\t\t<\/div>\n\t\t\t\t<\/div>\n\t\t<div class=\"elementor-element elementor-element-44a5d7b e-con-full e-flex e-con e-child\" data-id=\"44a5d7b\" data-element_type=\"container\" data-e-type=\"container\">\n\t\t\t\t<div class=\"elementor-element elementor-element-d0a4815 elementor-invisible elementor-widget elementor-widget-text-editor\" data-id=\"d0a4815\" data-element_type=\"widget\" data-e-type=\"widget\" data-settings=\"{&quot;_animation&quot;:&quot;fadeIn&quot;}\" data-widget_type=\"text-editor.default\">\n\t\t\t\t<div class=\"elementor-widget-container\">\n\t\t\t\t\t\t\t\t\t<p>O objetivo do RealAligner \u00e9 que sorria muito, e com orgulho. Para isso, a nossa equipa de m\u00e9dicos dentistas fornece aconselhamento especializado e apoio personalizado, orientando o tratamento para o resultado que procura atrav\u00e9s de um processo simples, confort\u00e1vel e est\u00e9tico que oferece vantagens significativas em rela\u00e7\u00e3o \u00e0 ortodontia convencional.<\/p>\t\t\t\t\t\t\t\t<\/div>\n\t\t\t\t<\/div>\n\t\t<div class=\"elementor-element elementor-element-b1a05d2 e-con-full e-grid cont-procediminetos e-con e-child\" data-id=\"b1a05d2\" data-element_type=\"container\" data-e-type=\"container\">\n\t\t<div class=\"elementor-element elementor-element-6f64726 e-con-full e-flex elementor-invisible e-con e-child\" data-id=\"6f64726\" data-element_type=\"container\" data-e-type=\"container\" data-settings=\"{&quot;animation&quot;:&quot;fadeInUp&quot;}\">\n\t\t\t\t<div class=\"elementor-element elementor-element-675cfcc elementor-widget__width-initial elementor-widget elementor-widget-image\" data-id=\"675cfcc\" data-element_type=\"widget\" data-e-type=\"widget\" data-widget_type=\"image.default\">\n\t\t\t\t<div class=\"elementor-widget-container\">\n\t\t\t\t\t\t\t\t\t\t\t\t\t\t\t<img decoding=\"async\" width=\"108\" height=\"108\" src=\"https:\/\/realaligner.com\/wp-content\/uploads\/2026\/03\/higiene.png\" class=\"attachment-large size-large wp-image-4273\" alt=\"\" \/>\t\t\t\t\t\t\t\t\t\t\t\t\t\t\t<\/div>\n\t\t\t\t<\/div>\n\t\t\t\t<div class=\"elementor-element elementor-element-6898905 elementor-widget elementor-widget-heading\" data-id=\"6898905\" data-element_type=\"widget\" data-e-type=\"widget\" data-widget_type=\"heading.default\">\n\t\t\t\t<div class=\"elementor-widget-container\">\n\t\t\t\t\t<h3 class=\"elementor-heading-title elementor-size-default\">Melhoria da higiene<\/h3>\t\t\t\t<\/div>\n\t\t\t\t<\/div>\n\t\t\t\t<\/div>\n\t\t<div class=\"elementor-element elementor-element-cb9941b e-con-full e-flex elementor-invisible e-con e-child\" data-id=\"cb9941b\" data-element_type=\"container\" data-e-type=\"container\" data-settings=\"{&quot;animation&quot;:&quot;fadeInUp&quot;}\">\n\t\t\t\t<div class=\"elementor-element elementor-element-7b60c39 elementor-widget__width-initial elementor-widget elementor-widget-image\" data-id=\"7b60c39\" data-element_type=\"widget\" data-e-type=\"widget\" data-widget_type=\"image.default\">\n\t\t\t\t<div class=\"elementor-widget-container\">\n\t\t\t\t\t\t\t\t\t\t\t\t\t\t\t<img decoding=\"async\" width=\"108\" height=\"108\" src=\"https:\/\/realaligner.com\/wp-content\/uploads\/2026\/03\/doloroso.png\" class=\"attachment-large size-large wp-image-4261\" alt=\"\" \/>\t\t\t\t\t\t\t\t\t\t\t\t\t\t\t<\/div>\n\t\t\t\t<\/div>\n\t\t\t\t<div class=\"elementor-element elementor-element-2535912 elementor-widget elementor-widget-heading\" data-id=\"2535912\" data-element_type=\"widget\" data-e-type=\"widget\" data-widget_type=\"heading.default\">\n\t\t\t\t<div class=\"elementor-widget-container\">\n\t\t\t\t\t<h3 class=\"elementor-heading-title elementor-size-default\">Procedimento<br>menos doloroso<\/h3>\t\t\t\t<\/div>\n\t\t\t\t<\/div>\n\t\t\t\t<\/div>\n\t\t<div class=\"elementor-element elementor-element-0d5aedf e-con-full e-flex elementor-invisible e-con e-child\" data-id=\"0d5aedf\" data-element_type=\"container\" data-e-type=\"container\" data-settings=\"{&quot;animation&quot;:&quot;fadeInUp&quot;}\">\n\t\t\t\t<div class=\"elementor-element elementor-element-926d2e9 elementor-widget__width-initial elementor-widget elementor-widget-image\" data-id=\"926d2e9\" data-element_type=\"widget\" data-e-type=\"widget\" data-widget_type=\"image.default\">\n\t\t\t\t<div class=\"elementor-widget-container\">\n\t\t\t\t\t\t\t\t\t\t\t\t\t\t\t<img loading=\"lazy\" decoding=\"async\" width=\"108\" height=\"108\" src=\"https:\/\/realaligner.com\/wp-content\/uploads\/2026\/03\/habla.png\" class=\"attachment-large size-large wp-image-4269\" alt=\"\" \/>\t\t\t\t\t\t\t\t\t\t\t\t\t\t\t<\/div>\n\t\t\t\t<\/div>\n\t\t\t\t<div class=\"elementor-element elementor-element-f943b6c elementor-widget elementor-widget-heading\" data-id=\"f943b6c\" data-element_type=\"widget\" data-e-type=\"widget\" data-widget_type=\"heading.default\">\n\t\t\t\t<div class=\"elementor-widget-container\">\n\t\t\t\t\t<h3 class=\"elementor-heading-title elementor-size-default\">Sem impacto na<br>fala <\/h3>\t\t\t\t<\/div>\n\t\t\t\t<\/div>\n\t\t\t\t<\/div>\n\t\t<div class=\"elementor-element elementor-element-9001490 e-con-full e-flex elementor-invisible e-con e-child\" data-id=\"9001490\" data-element_type=\"container\" data-e-type=\"container\" data-settings=\"{&quot;animation&quot;:&quot;fadeInUp&quot;}\">\n\t\t\t\t<div class=\"elementor-element elementor-element-916bbbd elementor-widget__width-initial elementor-widget elementor-widget-image\" data-id=\"916bbbd\" data-element_type=\"widget\" data-e-type=\"widget\" data-widget_type=\"image.default\">\n\t\t\t\t<div class=\"elementor-widget-container\">\n\t\t\t\t\t\t\t\t\t\t\t\t\t\t\t<img loading=\"lazy\" decoding=\"async\" width=\"108\" height=\"108\" src=\"https:\/\/realaligner.com\/wp-content\/uploads\/2026\/03\/esteticos.png\" class=\"attachment-large size-large wp-image-4265\" alt=\"\" \/>\t\t\t\t\t\t\t\t\t\t\t\t\t\t\t<\/div>\n\t\t\t\t<\/div>\n\t\t\t\t<div class=\"elementor-element elementor-element-60a6ecc elementor-widget elementor-widget-heading\" data-id=\"60a6ecc\" data-element_type=\"widget\" data-e-type=\"widget\" data-widget_type=\"heading.default\">\n\t\t\t\t<div class=\"elementor-widget-container\">\n\t\t\t\t\t<h3 class=\"elementor-heading-title elementor-size-default\">Est\u00e9tica<\/h3>\t\t\t\t<\/div>\n\t\t\t\t<\/div>\n\t\t\t\t<\/div>\n\t\t<div class=\"elementor-element elementor-element-2e7be58 e-con-full e-flex elementor-invisible e-con e-child\" data-id=\"2e7be58\" data-element_type=\"container\" data-e-type=\"container\" data-settings=\"{&quot;animation&quot;:&quot;fadeInUp&quot;}\">\n\t\t\t\t<div class=\"elementor-element elementor-element-57127de elementor-widget__width-initial elementor-widget elementor-widget-image\" data-id=\"57127de\" data-element_type=\"widget\" data-e-type=\"widget\" data-widget_type=\"image.default\">\n\t\t\t\t<div class=\"elementor-widget-container\">\n\t\t\t\t\t\t\t\t\t\t\t\t\t\t\t<img loading=\"lazy\" decoding=\"async\" width=\"108\" height=\"108\" src=\"https:\/\/realaligner.com\/wp-content\/uploads\/2026\/03\/minima.png\" class=\"attachment-large size-large wp-image-4277\" alt=\"\" \/>\t\t\t\t\t\t\t\t\t\t\t\t\t\t\t<\/div>\n\t\t\t\t<\/div>\n\t\t\t\t<div class=\"elementor-element elementor-element-38f66e8 elementor-widget elementor-widget-heading\" data-id=\"38f66e8\" data-element_type=\"widget\" data-e-type=\"widget\" data-widget_type=\"heading.default\">\n\t\t\t\t<div class=\"elementor-widget-container\">\n\t\t\t\t\t<h3 class=\"elementor-heading-title elementor-size-default\">N\u00famero m\u00ednimo de visitas \u00e0 cl\u00ednica<br><\/h3>\t\t\t\t<\/div>\n\t\t\t\t<\/div>\n\t\t\t\t<\/div>\n\t\t<div class=\"elementor-element elementor-element-1cf66d4 e-con-full e-flex elementor-invisible e-con e-child\" data-id=\"1cf66d4\" data-element_type=\"container\" data-e-type=\"container\" data-settings=\"{&quot;animation&quot;:&quot;fadeInUp&quot;}\">\n\t\t\t\t<div class=\"elementor-element elementor-element-b09eca5 elementor-widget__width-initial elementor-widget elementor-widget-image\" data-id=\"b09eca5\" data-element_type=\"widget\" data-e-type=\"widget\" data-widget_type=\"image.default\">\n\t\t\t\t<div class=\"elementor-widget-container\">\n\t\t\t\t\t\t\t\t\t\t\t\t\t\t\t<img loading=\"lazy\" decoding=\"async\" width=\"108\" height=\"108\" src=\"https:\/\/realaligner.com\/wp-content\/uploads\/2026\/03\/adaptacion.png\" class=\"attachment-large size-large wp-image-4257\" alt=\"\" \/>\t\t\t\t\t\t\t\t\t\t\t\t\t\t\t<\/div>\n\t\t\t\t<\/div>\n\t\t\t\t<div class=\"elementor-element elementor-element-e0b31c9 elementor-widget elementor-widget-heading\" data-id=\"e0b31c9\" data-element_type=\"widget\" data-e-type=\"widget\" data-widget_type=\"heading.default\">\n\t\t\t\t<div class=\"elementor-widget-container\">\n\t\t\t\t\t<h3 class=\"elementor-heading-title elementor-size-default\">Adaptabilidade total<\/h3>\t\t\t\t<\/div>\n\t\t\t\t<\/div>\n\t\t\t\t<\/div>\n\t\t\t\t<\/div>\n\t\t\t\t<\/div>\n\t\t\t\t\t<\/div>\n\t\t\t\t<\/section>\n\t\t<section class=\"elementor-element elementor-element-72bd40e padding-section-bottom e-con-full e-flex e-con e-parent\" data-id=\"72bd40e\" data-element_type=\"container\" data-e-type=\"container\" id=\"porque\" data-settings=\"{&quot;background_background&quot;:&quot;classic&quot;}\">\n\t\t<div class=\"elementor-element elementor-element-328b41f e-con-full franja-black e-flex e-con e-child\" data-id=\"328b41f\" data-element_type=\"container\" data-e-type=\"container\">\n\t\t\t\t<div class=\"elementor-element elementor-element-6801092 title-logo elementor-invisible elementor-widget elementor-widget-text-editor\" data-id=\"6801092\" data-element_type=\"widget\" data-e-type=\"widget\" data-settings=\"{&quot;_animation&quot;:&quot;fadeInUp&quot;}\" data-widget_type=\"text-editor.default\">\n\t\t\t\t<div class=\"elementor-widget-container\">\n\t\t\t\t\t\t\t\t\t<h2>Porque \u00e9 que <img loading=\"lazy\" decoding=\"async\" class=\"alignnone wp-image-4285 size-full\" src=\"https:\/\/realaligner.com\/wp-content\/uploads\/2026\/03\/logo-platta.png\" alt=\"\" width=\"218\" height=\"61\" \/> <br \/>\u00e9 para si?<\/h2>\t\t\t\t\t\t\t\t<\/div>\n\t\t\t\t<\/div>\n\t\t\t\t<\/div>\n\t\t<div class=\"elementor-element elementor-element-d5b929f e-flex e-con-boxed e-con e-child\" data-id=\"d5b929f\" data-element_type=\"container\" data-e-type=\"container\">\n\t\t\t\t\t<div class=\"e-con-inner\">\n\t\t<div class=\"elementor-element elementor-element-7726e23 e-con-full cont-main e-flex e-con e-child\" data-id=\"7726e23\" data-element_type=\"container\" data-e-type=\"container\">\n\t\t<div class=\"elementor-element elementor-element-4a67d71 e-con-full cont-porque e-flex e-con e-child\" data-id=\"4a67d71\" data-element_type=\"container\" data-e-type=\"container\" data-settings=\"{&quot;animation&quot;:&quot;none&quot;}\">\n\t\t\t\t<div class=\"elementor-element elementor-element-5291d29 elementor-invisible elementor-widget elementor-widget-text-editor\" data-id=\"5291d29\" data-element_type=\"widget\" data-e-type=\"widget\" data-settings=\"{&quot;_animation&quot;:&quot;fadeInUp&quot;}\" data-widget_type=\"text-editor.default\">\n\t\t\t\t<div class=\"elementor-widget-container\">\n\t\t\t\t\t\t\t\t\t<p>Maior previsibilidade, ajuste e desempenho: o Real Aligner combina for\u00e7a, precis\u00e3o e conforto para proporcionar um tratamento eficiente do in\u00edcio ao fim.<\/p>\t\t\t\t\t\t\t\t<\/div>\n\t\t\t\t<\/div>\n\t\t<div class=\"elementor-element elementor-element-efddf72 e-con-full cont-dentadura e-flex elementor-invisible e-con e-child\" data-id=\"efddf72\" data-element_type=\"container\" data-e-type=\"container\" data-settings=\"{&quot;animation&quot;:&quot;fadeInUp&quot;}\">\n\t\t\t\t<div class=\"elementor-element elementor-element-891bee4 img-dentadura elementor-widget elementor-widget-image\" data-id=\"891bee4\" data-element_type=\"widget\" data-e-type=\"widget\" data-widget_type=\"image.default\">\n\t\t\t\t<div class=\"elementor-widget-container\">\n\t\t\t\t\t\t\t\t\t\t\t\t\t\t\t<img loading=\"lazy\" decoding=\"async\" width=\"240\" height=\"220\" src=\"https:\/\/realaligner.com\/wp-content\/uploads\/2026\/03\/para-ti.png\" class=\"attachment-large size-large wp-image-4293\" alt=\"\" \/>\t\t\t\t\t\t\t\t\t\t\t\t\t\t\t<\/div>\n\t\t\t\t<\/div>\n\t\t\t\t<div class=\"elementor-element elementor-element-b8ce973 elementor-widget__width-inherit text elementor-widget elementor-widget-text-editor\" data-id=\"b8ce973\" data-element_type=\"widget\" data-e-type=\"widget\" data-widget_type=\"text-editor.default\">\n\t\t\t\t<div class=\"elementor-widget-container\">\n\t\t\t\t\t\t\t\t\t<p>O RealAligner oferece um maior <strong>controlo e <\/strong><strong>flexibilidade<\/strong> no tratamento, com um produto que \u00e9 t\u00e3o forte e dur\u00e1vel, como confort\u00e1vel e eficiente.<\/p>\t\t\t\t\t\t\t\t<\/div>\n\t\t\t\t<\/div>\n\t\t\t\t<\/div>\n\t\t\t\t<div class=\"elementor-element elementor-element-5d2e472 elementor-align-center button yellow elementor-invisible elementor-widget elementor-widget-button\" data-id=\"5d2e472\" data-element_type=\"widget\" data-e-type=\"widget\" data-settings=\"{&quot;_animation&quot;:&quot;fadeIn&quot;}\" data-widget_type=\"button.default\">\n\t\t\t\t<div class=\"elementor-widget-container\">\n\t\t\t\t\t\t\t\t\t<div class=\"elementor-button-wrapper\">\n\t\t\t\t\t<a class=\"elementor-button elementor-button-link elementor-size-sm\" href=\"https:\/\/realaligner.com\/pt-pt\/porque-escolher-nos\/\">\n\t\t\t\t\t\t<span class=\"elementor-button-content-wrapper\">\n\t\t\t\t\t\t\t\t\t<span class=\"elementor-button-text\">Porqu\u00ea escolher-nos<\/span>\n\t\t\t\t\t<\/span>\n\t\t\t\t\t<\/a>\n\t\t\t\t<\/div>\n\t\t\t\t\t\t\t\t<\/div>\n\t\t\t\t<\/div>\n\t\t\t\t<\/div>\n\t\t\t\t<\/div>\n\t\t\t\t\t<\/div>\n\t\t\t\t<\/div>\n\t\t\t\t<\/section>\n\t\t\t\t<\/div>\n\t\t","protected":false},"excerpt":{"rendered":"<p>Sorrisos que brilham Criados por especialistas O objetivo do RealAligner \u00e9 que sorria muito, e com orgulho. Para isso, a nossa equipa de m\u00e9dicos dentistas fornece aconselhamento especializado e apoio personalizado, orientando o tratamento para o resultado que procura atrav\u00e9s de um processo simples, confort\u00e1vel e est\u00e9tico que oferece vantagens significativas em rela\u00e7\u00e3o \u00e0 ortodontia [&hellip;]<\/p>\n","protected":false},"author":1,"featured_media":0,"parent":0,"menu_order":0,"comment_status":"closed","ping_status":"closed","template":"elementor_header_footer","meta":{"footnotes":""},"class_list":["post-2477","page","type-page","status-publish","hentry"],"yoast_head":"<!-- This site is optimized with the Yoast SEO plugin v26.3 - https:\/\/yoast.com\/wordpress\/plugins\/seo\/ -->\n<title>RealAligner - Ortodontia invis\u00edvel<\/title>\n<meta name=\"robots\" content=\"index, follow, max-snippet:-1, max-image-preview:large, max-video-preview:-1\" \/>\n<link rel=\"canonical\" href=\"https:\/\/realaligner.com\/pt-pt\/\" \/>\n<meta property=\"og:locale\" content=\"pt_PT\" \/>\n<meta property=\"og:type\" content=\"article\" \/>\n<meta property=\"og:title\" content=\"RealAligner - Ortodontia invis\u00edvel\" \/>\n<meta property=\"og:description\" content=\"Sorrisos que brilham Criados por especialistas O objetivo do RealAligner \u00e9 que sorria muito, e com orgulho. Para isso, a nossa equipa de m\u00e9dicos dentistas fornece aconselhamento especializado e apoio personalizado, orientando o tratamento para o resultado que procura atrav\u00e9s de um processo simples, confort\u00e1vel e est\u00e9tico que oferece vantagens significativas em rela\u00e7\u00e3o \u00e0 ortodontia [&hellip;]\" \/>\n<meta property=\"og:url\" content=\"https:\/\/realaligner.com\/pt-pt\/\" \/>\n<meta property=\"og:site_name\" content=\"RealAligner\" \/>\n<meta property=\"article:modified_time\" content=\"2026-04-07T11:26:32+00:00\" \/>\n<meta property=\"og:image\" content=\"https:\/\/realaligner.com\/wp-content\/uploads\/2026\/03\/mujer.png\" \/>\n\t<meta property=\"og:image:width\" content=\"556\" \/>\n\t<meta property=\"og:image:height\" content=\"953\" \/>\n\t<meta property=\"og:image:type\" content=\"image\/png\" \/>\n<meta name=\"twitter:card\" content=\"summary_large_image\" \/>\n<meta name=\"twitter:label1\" content=\"Tempo estimado de leitura\" \/>\n\t<meta name=\"twitter:data1\" content=\"3 minutos\" \/>\n<script type=\"application\/ld+json\" class=\"yoast-schema-graph\">{\"@context\":\"https:\/\/schema.org\",\"@graph\":[{\"@type\":\"WebPage\",\"@id\":\"https:\/\/realaligner.com\/pt-pt\/\",\"url\":\"https:\/\/realaligner.com\/pt-pt\/\",\"name\":\"RealAligner - Ortodontia invis\u00edvel\",\"isPartOf\":{\"@id\":\"https:\/\/realaligner.com\/pt-pt\/#website\"},\"primaryImageOfPage\":{\"@id\":\"https:\/\/realaligner.com\/pt-pt\/#primaryimage\"},\"image\":{\"@id\":\"https:\/\/realaligner.com\/pt-pt\/#primaryimage\"},\"thumbnailUrl\":\"https:\/\/realaligner.com\/wp-content\/uploads\/2026\/03\/mujer.png\",\"datePublished\":\"2025-04-07T16:29:43+00:00\",\"dateModified\":\"2026-04-07T11:26:32+00:00\",\"breadcrumb\":{\"@id\":\"https:\/\/realaligner.com\/pt-pt\/#breadcrumb\"},\"inLanguage\":\"pt-PT\",\"potentialAction\":[{\"@type\":\"ReadAction\",\"target\":[\"https:\/\/realaligner.com\/pt-pt\/\"]}]},{\"@type\":\"ImageObject\",\"inLanguage\":\"pt-PT\",\"@id\":\"https:\/\/realaligner.com\/pt-pt\/#primaryimage\",\"url\":\"https:\/\/realaligner.com\/wp-content\/uploads\/2026\/03\/mujer.png\",\"contentUrl\":\"https:\/\/realaligner.com\/wp-content\/uploads\/2026\/03\/mujer.png\"},{\"@type\":\"BreadcrumbList\",\"@id\":\"https:\/\/realaligner.com\/pt-pt\/#breadcrumb\",\"itemListElement\":[{\"@type\":\"ListItem\",\"position\":1,\"name\":\"Portada\",\"item\":\"https:\/\/realaligner.com\/pt-pt\/\"},{\"@type\":\"ListItem\",\"position\":2,\"name\":\"Casa\"}]},{\"@type\":\"WebSite\",\"@id\":\"https:\/\/realaligner.com\/pt-pt\/#website\",\"url\":\"https:\/\/realaligner.com\/pt-pt\/\",\"name\":\"RealAligner\",\"description\":\"\",\"publisher\":{\"@id\":\"https:\/\/realaligner.com\/pt-pt\/#organization\"},\"potentialAction\":[{\"@type\":\"SearchAction\",\"target\":{\"@type\":\"EntryPoint\",\"urlTemplate\":\"https:\/\/realaligner.com\/pt-pt\/?s={search_term_string}\"},\"query-input\":{\"@type\":\"PropertyValueSpecification\",\"valueRequired\":true,\"valueName\":\"search_term_string\"}}],\"inLanguage\":\"pt-PT\"},{\"@type\":\"Organization\",\"@id\":\"https:\/\/realaligner.com\/pt-pt\/#organization\",\"name\":\"RealAligner\",\"url\":\"https:\/\/realaligner.com\/pt-pt\/\",\"logo\":{\"@type\":\"ImageObject\",\"inLanguage\":\"pt-PT\",\"@id\":\"https:\/\/realaligner.com\/pt-pt\/#\/schema\/logo\/image\/\",\"url\":\"https:\/\/realaligner.com\/wp-content\/uploads\/2026\/03\/cropped-logo-dark-sm.png\",\"contentUrl\":\"https:\/\/realaligner.com\/wp-content\/uploads\/2026\/03\/cropped-logo-dark-sm.png\",\"width\":512,\"height\":512,\"caption\":\"RealAligner\"},\"image\":{\"@id\":\"https:\/\/realaligner.com\/pt-pt\/#\/schema\/logo\/image\/\"}}]}<\/script>\n<!-- \/ Yoast SEO plugin. -->","yoast_head_json":{"title":"RealAligner - Ortodontia invis\u00edvel","robots":{"index":"index","follow":"follow","max-snippet":"max-snippet:-1","max-image-preview":"max-image-preview:large","max-video-preview":"max-video-preview:-1"},"canonical":"https:\/\/realaligner.com\/pt-pt\/","og_locale":"pt_PT","og_type":"article","og_title":"RealAligner - Ortodontia invis\u00edvel","og_description":"Sorrisos que brilham Criados por especialistas O objetivo do RealAligner \u00e9 que sorria muito, e com orgulho. Para isso, a nossa equipa de m\u00e9dicos dentistas fornece aconselhamento especializado e apoio personalizado, orientando o tratamento para o resultado que procura atrav\u00e9s de um processo simples, confort\u00e1vel e est\u00e9tico que oferece vantagens significativas em rela\u00e7\u00e3o \u00e0 ortodontia [&hellip;]","og_url":"https:\/\/realaligner.com\/pt-pt\/","og_site_name":"RealAligner","article_modified_time":"2026-04-07T11:26:32+00:00","og_image":[{"width":556,"height":953,"url":"https:\/\/realaligner.com\/wp-content\/uploads\/2026\/03\/mujer.png","type":"image\/png"}],"twitter_card":"summary_large_image","twitter_misc":{"Tempo estimado de leitura":"3 minutos"},"schema":{"@context":"https:\/\/schema.org","@graph":[{"@type":"WebPage","@id":"https:\/\/realaligner.com\/pt-pt\/","url":"https:\/\/realaligner.com\/pt-pt\/","name":"RealAligner - Ortodontia invis\u00edvel","isPartOf":{"@id":"https:\/\/realaligner.com\/pt-pt\/#website"},"primaryImageOfPage":{"@id":"https:\/\/realaligner.com\/pt-pt\/#primaryimage"},"image":{"@id":"https:\/\/realaligner.com\/pt-pt\/#primaryimage"},"thumbnailUrl":"https:\/\/realaligner.com\/wp-content\/uploads\/2026\/03\/mujer.png","datePublished":"2025-04-07T16:29:43+00:00","dateModified":"2026-04-07T11:26:32+00:00","breadcrumb":{"@id":"https:\/\/realaligner.com\/pt-pt\/#breadcrumb"},"inLanguage":"pt-PT","potentialAction":[{"@type":"ReadAction","target":["https:\/\/realaligner.com\/pt-pt\/"]}]},{"@type":"ImageObject","inLanguage":"pt-PT","@id":"https:\/\/realaligner.com\/pt-pt\/#primaryimage","url":"https:\/\/realaligner.com\/wp-content\/uploads\/2026\/03\/mujer.png","contentUrl":"https:\/\/realaligner.com\/wp-content\/uploads\/2026\/03\/mujer.png"},{"@type":"BreadcrumbList","@id":"https:\/\/realaligner.com\/pt-pt\/#breadcrumb","itemListElement":[{"@type":"ListItem","position":1,"name":"Portada","item":"https:\/\/realaligner.com\/pt-pt\/"},{"@type":"ListItem","position":2,"name":"Casa"}]},{"@type":"WebSite","@id":"https:\/\/realaligner.com\/pt-pt\/#website","url":"https:\/\/realaligner.com\/pt-pt\/","name":"RealAligner","description":"","publisher":{"@id":"https:\/\/realaligner.com\/pt-pt\/#organization"},"potentialAction":[{"@type":"SearchAction","target":{"@type":"EntryPoint","urlTemplate":"https:\/\/realaligner.com\/pt-pt\/?s={search_term_string}"},"query-input":{"@type":"PropertyValueSpecification","valueRequired":true,"valueName":"search_term_string"}}],"inLanguage":"pt-PT"},{"@type":"Organization","@id":"https:\/\/realaligner.com\/pt-pt\/#organization","name":"RealAligner","url":"https:\/\/realaligner.com\/pt-pt\/","logo":{"@type":"ImageObject","inLanguage":"pt-PT","@id":"https:\/\/realaligner.com\/pt-pt\/#\/schema\/logo\/image\/","url":"https:\/\/realaligner.com\/wp-content\/uploads\/2026\/03\/cropped-logo-dark-sm.png","contentUrl":"https:\/\/realaligner.com\/wp-content\/uploads\/2026\/03\/cropped-logo-dark-sm.png","width":512,"height":512,"caption":"RealAligner"},"image":{"@id":"https:\/\/realaligner.com\/pt-pt\/#\/schema\/logo\/image\/"}}]}},"_links":{"self":[{"href":"https:\/\/realaligner.com\/pt-pt\/wp-json\/wp\/v2\/pages\/2477","targetHints":{"allow":["GET"]}}],"collection":[{"href":"https:\/\/realaligner.com\/pt-pt\/wp-json\/wp\/v2\/pages"}],"about":[{"href":"https:\/\/realaligner.com\/pt-pt\/wp-json\/wp\/v2\/types\/page"}],"author":[{"embeddable":true,"href":"https:\/\/realaligner.com\/pt-pt\/wp-json\/wp\/v2\/users\/1"}],"replies":[{"embeddable":true,"href":"https:\/\/realaligner.com\/pt-pt\/wp-json\/wp\/v2\/comments?post=2477"}],"version-history":[{"count":30,"href":"https:\/\/realaligner.com\/pt-pt\/wp-json\/wp\/v2\/pages\/2477\/revisions"}],"predecessor-version":[{"id":5929,"href":"https:\/\/realaligner.com\/pt-pt\/wp-json\/wp\/v2\/pages\/2477\/revisions\/5929"}],"wp:attachment":[{"href":"https:\/\/realaligner.com\/pt-pt\/wp-json\/wp\/v2\/media?parent=2477"}],"curies":[{"name":"wp","href":"https:\/\/api.w.org\/{rel}","templated":true}]}}