
{"id":2874,"date":"2025-04-28T11:32:42","date_gmt":"2025-04-28T09:32:42","guid":{"rendered":"https:\/\/realaligner.com\/informativa-sui-cookie\/"},"modified":"2026-04-09T15:37:19","modified_gmt":"2026-04-09T13:37:19","slug":"informativa-sui-cookie","status":"publish","type":"page","link":"https:\/\/realaligner.com\/it\/informativa-sui-cookie\/","title":{"rendered":"Informativa sui cookie"},"content":{"rendered":"\t\t<div data-elementor-type=\"wp-page\" data-elementor-id=\"2874\" class=\"elementor elementor-2874 elementor-1670\" data-elementor-post-type=\"page\">\n\t\t\t\t<section class=\"elementor-element elementor-element-92a4434 padding-section-bottom e-flex e-con-boxed e-con e-parent\" data-id=\"92a4434\" data-element_type=\"container\" data-e-type=\"container\" id=\"legal\">\n\t\t\t\t\t<div class=\"e-con-inner\">\n\t\t\t\t<div class=\"elementor-element elementor-element-a39300b elementor-widget elementor-widget-heading\" data-id=\"a39300b\" data-element_type=\"widget\" data-e-type=\"widget\" data-widget_type=\"heading.default\">\n\t\t\t\t<div class=\"elementor-widget-container\">\n\t\t\t\t\t<h1 class=\"elementor-heading-title elementor-size-default\">Informativa sui cookie<\/h1>\t\t\t\t<\/div>\n\t\t\t\t<\/div>\n\t\t\t\t<div class=\"elementor-element elementor-element-ee498b9 elementor-widget elementor-widget-heading\" data-id=\"ee498b9\" data-element_type=\"widget\" data-e-type=\"widget\" data-widget_type=\"heading.default\">\n\t\t\t\t<div class=\"elementor-widget-container\">\n\t\t\t\t\t<h2 class=\"elementor-heading-title elementor-size-default\">Cosa sono i cookie?<\/h2>\t\t\t\t<\/div>\n\t\t\t\t<\/div>\n\t\t\t\t<div class=\"elementor-element elementor-element-240090b elementor-widget elementor-widget-text-editor\" data-id=\"240090b\" data-element_type=\"widget\" data-e-type=\"widget\" data-widget_type=\"text-editor.default\">\n\t\t\t\t<div class=\"elementor-widget-container\">\n\t\t\t\t\t\t\t\t\t<p>Un cookie contiene una piccola quantit\u00e0 di informazioni inviata da un sito web che viene memorizzata sul dispositivo dell\u2019utente mentre naviga nel sito. I cookie consentono al sito web di ricordare le informazioni sulle precedenti visite dell\u2019utente in modo che l\u2019utilizzo di tale sito possa essere pi\u00f9 efficace, piacevole e utile ricordando le sue preferenze, per consentire all\u2019utente di navigare nel sito e di autenticarlo se si \u00e8 gi\u00e0 registrato in precedenza. Inoltre, i cookie consentono di garantire che gli annunci visualizzati online siano pi\u00f9 pertinenti agli interessi dell\u2019utente per offrirgli un\u2019esperienza migliore.  <\/p><p>L\u2019uso dei cookie non comporta nessun danno al dispositivo e di norma scadono dopo un certo periodo di tempo. Per ulteriori informazioni sui cookie, visitare questo <a href=\"https:\/\/allaboutcookies.org\/\" target=\"_blank\" rel=\"noopener\">link<\/a>. <\/p>\t\t\t\t\t\t\t\t<\/div>\n\t\t\t\t<\/div>\n\t\t\t\t<div class=\"elementor-element elementor-element-f0ffd73 elementor-widget elementor-widget-heading\" data-id=\"f0ffd73\" data-element_type=\"widget\" data-e-type=\"widget\" data-widget_type=\"heading.default\">\n\t\t\t\t<div class=\"elementor-widget-container\">\n\t\t\t\t\t<h2 class=\"elementor-heading-title elementor-size-default\">Quali dati personali conserviamo sull\u2019utente?<\/h2>\t\t\t\t<\/div>\n\t\t\t\t<\/div>\n\t\t\t\t<div class=\"elementor-element elementor-element-32ac388 elementor-widget elementor-widget-text-editor\" data-id=\"32ac388\" data-element_type=\"widget\" data-e-type=\"widget\" data-widget_type=\"text-editor.default\">\n\t\t\t\t<div class=\"elementor-widget-container\">\n\t\t\t\t\t\t\t\t\t<p>Le informazioni che raccogliamo riguardano il prodotto o il servizio richiesto: ad esempio, il nome e i dati di contatto dell\u2019utente, la natura del prodotto o servizio richiesto e altre informazioni correlate, in modo da poter rispondere all\u2019utente.<\/p><p>Occasionalmente, RealAligner S.L. potrebbe invitare l\u2019utente a partecipare a un sondaggio o a una votazione, ad esempio, per fornire un feedback su contenuti, servizi o prodotti.<\/p><p>Nel caso di utenti candidati a procedure di selezione del personale, conserviamo il loro Curriculum Vitae, le informazioni relative ai colloqui e, se del caso, le informazioni necessarie per l\u2019assunzione e la gestione del rapporto di lavoro.<\/p><p>Per quanto riguarda qualsiasi informazione che raccogliamo tramite i nostri siti, RealAligner S.L. sar\u00e0 il titolare del trattamento dei dati.<\/p>\t\t\t\t\t\t\t\t<\/div>\n\t\t\t\t<\/div>\n\t\t\t\t<div class=\"elementor-element elementor-element-5d47a99 elementor-widget elementor-widget-heading\" data-id=\"5d47a99\" data-element_type=\"widget\" data-e-type=\"widget\" data-widget_type=\"heading.default\">\n\t\t\t\t<div class=\"elementor-widget-container\">\n\t\t\t\t\t<h2 class=\"elementor-heading-title elementor-size-default\">RealAligner utilizza i cookie?<\/h2>\t\t\t\t<\/div>\n\t\t\t\t<\/div>\n\t\t\t\t<div class=\"elementor-element elementor-element-8c744d8 elementor-widget elementor-widget-text-editor\" data-id=\"8c744d8\" data-element_type=\"widget\" data-e-type=\"widget\" data-widget_type=\"text-editor.default\">\n\t\t\t\t<div class=\"elementor-widget-container\">\n\t\t\t\t\t\t\t\t\t<p>S\u00ec, nei nostri siti utilizziamo cookie che ci consentono di identificare se gli utenti tornano nel nostro sito, se invece vi accedono per la prima volta, il numero delle visite, quali pagine hanno visualizzato o se esiste un problema tecnico durante la navigazione nel nostro sito. Grazie a queste informazioni, possiamo scoprire le parti dei nostri siti che sono pi\u00f9 interessanti per gli utenti e quindi migliorare i nostri siti web per offrire la migliore esperienza possibile ai visitatori. <\/p>\t\t\t\t\t\t\t\t<\/div>\n\t\t\t\t<\/div>\n\t\t\t\t<div class=\"elementor-element elementor-element-cd8b972 elementor-widget elementor-widget-heading\" data-id=\"cd8b972\" data-element_type=\"widget\" data-e-type=\"widget\" data-widget_type=\"heading.default\">\n\t\t\t\t<div class=\"elementor-widget-container\">\n\t\t\t\t\t<h2 class=\"elementor-heading-title elementor-size-default\">Devo accettare i cookie per utilizzare questo sito web?<\/h2>\t\t\t\t<\/div>\n\t\t\t\t<\/div>\n\t\t\t\t<div class=\"elementor-element elementor-element-5656fa2 elementor-widget elementor-widget-text-editor\" data-id=\"5656fa2\" data-element_type=\"widget\" data-e-type=\"widget\" data-widget_type=\"text-editor.default\">\n\t\t\t\t<div class=\"elementor-widget-container\">\n\t\t\t\t\t\t\t\t\t<p>Non \u00e8 necessario. \u00c8 possibile disabilitare l\u2019uso dei cookie disattivando la funzione dei cookie nel browser. Tuttavia, in caso di disattivazione della funzione, alcune sezioni del nostro sito web, e anche di altri siti, potrebbero non funzionare correttamente o non consentire di accedere. L\u2019utente pu\u00f2 anche configurarne l\u2019utilizzo, come indicato nella sezione su come rifiutare i cookie.   <\/p>\t\t\t\t\t\t\t\t<\/div>\n\t\t\t\t<\/div>\n\t\t\t\t<div class=\"elementor-element elementor-element-d934a21 elementor-widget elementor-widget-heading\" data-id=\"d934a21\" data-element_type=\"widget\" data-e-type=\"widget\" data-widget_type=\"heading.default\">\n\t\t\t\t<div class=\"elementor-widget-container\">\n\t\t\t\t\t<h2 class=\"elementor-heading-title elementor-size-default\">Che tipo di cookie vengono utilizzati?<\/h2>\t\t\t\t<\/div>\n\t\t\t\t<\/div>\n\t\t\t\t<div class=\"elementor-element elementor-element-38b5d08 elementor-widget elementor-widget-text-editor\" data-id=\"38b5d08\" data-element_type=\"widget\" data-e-type=\"widget\" data-widget_type=\"text-editor.default\">\n\t\t\t\t<div class=\"elementor-widget-container\">\n\t\t\t\t\t\t\t\t\t<p>Nei nostri siti web utilizziamo tre categorie generali di cookie:<\/p><p>Cookie strettamente necessari (o essenziali). Si tratta di cookie essenziali per poter navigare in un sito web e utilizzarne le funzioni. Senza di essi, tali funzioni non sarebbero disponibili. Ad esempio, navigare come utente registrato, accedere a determinate parti riservate del sito o effettuare acquisti tramite il sito. Pertanto, e come la maggior parte dei siti, utilizziamo i cookie strettamente necessari.<br>Cookie di prestazione. Si tratta di cookie che raccolgono informazioni anonime sull\u2019uso del sito web da parte degli utenti, come le pagine che visualizzano pi\u00f9 frequentemente e vengono utilizzati solo per migliorare le prestazioni del sito web. Proprio come la maggior parte dei siti, utilizziamo i cookie di prestazione nei nostri siti.<br>Cookie di funzionalit\u00e0. Grazie a questi cookie, il sito web ricorda in modo anonimo le opzioni che sono state selezionate, come, ad esempio, la lingua. In questo modo possiamo offrire un\u2019esperienza migliore. Nel nostro sito utilizziamo i cookie di funzionalit\u00e0 per migliorare l\u2019esperienza dell\u2019utente.         <\/p>\t\t\t\t\t\t\t\t<\/div>\n\t\t\t\t<\/div>\n\t\t\t\t<div class=\"elementor-element elementor-element-bc340e8 elementor-widget elementor-widget-heading\" data-id=\"bc340e8\" data-element_type=\"widget\" data-e-type=\"widget\" data-widget_type=\"heading.default\">\n\t\t\t\t<div class=\"elementor-widget-container\">\n\t\t\t\t\t<h2 class=\"elementor-heading-title elementor-size-default\">Cosa accade se viene consentito l\u2019uso dei cookie?<\/h2>\t\t\t\t<\/div>\n\t\t\t\t<\/div>\n\t\t\t\t<div class=\"elementor-element elementor-element-204befb elementor-widget elementor-widget-text-editor\" data-id=\"204befb\" data-element_type=\"widget\" data-e-type=\"widget\" data-widget_type=\"text-editor.default\">\n\t\t\t\t<div class=\"elementor-widget-container\">\n\t\t\t\t\t\t\t\t\t<p>Se l\u2019utente non disabilita la funzione nel browser, accetta l\u2019installazione dei cookie e di altre tecnologie correlate sul suo dispositivo.<\/p>\t\t\t\t\t\t\t\t<\/div>\n\t\t\t\t<\/div>\n\t\t\t\t<div class=\"elementor-element elementor-element-3589dfd elementor-widget elementor-widget-heading\" data-id=\"3589dfd\" data-element_type=\"widget\" data-e-type=\"widget\" data-widget_type=\"heading.default\">\n\t\t\t\t<div class=\"elementor-widget-container\">\n\t\t\t\t\t<h2 class=\"elementor-heading-title elementor-size-default\">Cosa sono e a cosa servono i pixel invisibili?<\/h2>\t\t\t\t<\/div>\n\t\t\t\t<\/div>\n\t\t\t\t<div class=\"elementor-element elementor-element-cb631af elementor-widget elementor-widget-text-editor\" data-id=\"cb631af\" data-element_type=\"widget\" data-e-type=\"widget\" data-widget_type=\"text-editor.default\">\n\t\t\t\t<div class=\"elementor-widget-container\">\n\t\t\t\t\t\t\t\t\t<p>Alcune parti del nostro sito possono contenere dei pixel invisibili (web beacon, tag Internet, tag di pixel o GIF trasparenti). Questi pixel invisibili vengono utilizzati per mostrare contenuti ai visitatori e generare statistiche anonime sul traffico. <\/p>\t\t\t\t\t\t\t\t<\/div>\n\t\t\t\t<\/div>\n\t\t\t\t<div class=\"elementor-element elementor-element-97f4652 elementor-widget elementor-widget-heading\" data-id=\"97f4652\" data-element_type=\"widget\" data-e-type=\"widget\" data-widget_type=\"heading.default\">\n\t\t\t\t<div class=\"elementor-widget-container\">\n\t\t\t\t\t<h2 class=\"elementor-heading-title elementor-size-default\">Come posso rifiutare l\u2019uso dei cookie?<\/h2>\t\t\t\t<\/div>\n\t\t\t\t<\/div>\n\t\t\t\t<div class=\"elementor-element elementor-element-0dfb2a7 elementor-widget elementor-widget-text-editor\" data-id=\"0dfb2a7\" data-element_type=\"widget\" data-e-type=\"widget\" data-widget_type=\"text-editor.default\">\n\t\t\t\t<div class=\"elementor-widget-container\">\n\t\t\t\t\t\t\t\t\t<p>L\u2019utente pu\u00f2 rifiutare i cookie in due modi diversi.<\/p><p>. Bloccandone l\u2019utilizzo tramite le impostazioni del browser. Una volta fatto, potr\u00e0 continuare a navigare nel nostro sito, ma potrebbe non essere in grado di utilizzare alcune delle sue funzioni. <\/p><p>. Accedendo al link che si trova alla fine di questa sezione. Nello stesso link l\u2019utente pu\u00f2 anche revocare il suo consenso all\u2019uso di pixel invisibili da parte di questo sito. <\/p><p>Si prega di notare che molte funzionalit\u00e0 dei nostri siti web dipendono da queste tecnologie e la relativa rimozione pu\u00f2 ridurne la funzionalit\u00e0 e compromettere l\u2019esperienza di utilizzo. Inoltre, tenere in considerazione che, anche se disattivati, i cookie gi\u00e0 presenti sul computer saranno soltanto disattivati, a meno che non vengano rimossi tramite le impostazioni del browser. Per ulteriori informazioni, visitare questo <a href=\"https:\/\/www.aboutcookies.org\/\" target=\"_blank\" rel=\"noopener\">sito web<\/a>.  <\/p>\t\t\t\t\t\t\t\t<\/div>\n\t\t\t\t<\/div>\n\t\t\t\t<div class=\"elementor-element elementor-element-94c8acd elementor-widget elementor-widget-heading\" data-id=\"94c8acd\" data-element_type=\"widget\" data-e-type=\"widget\" data-widget_type=\"heading.default\">\n\t\t\t\t<div class=\"elementor-widget-container\">\n\t\t\t\t\t<h2 class=\"elementor-heading-title elementor-size-default\">RealAligner consente l\u2019installazione di cookie di terzi sui propri siti web?<\/h2>\t\t\t\t<\/div>\n\t\t\t\t<\/div>\n\t\t\t\t<div class=\"elementor-element elementor-element-d4c6bde elementor-widget elementor-widget-text-editor\" data-id=\"d4c6bde\" data-element_type=\"widget\" data-e-type=\"widget\" data-widget_type=\"text-editor.default\">\n\t\t\t\t<div class=\"elementor-widget-container\">\n\t\t\t\t\t\t\t\t\t<p>In linea generale, non consentiamo l\u2019installazione di cookie di terzi, come gli inserzionisti, e non accettiamo la pubblicit\u00e0 comportamentale. Tuttavia, \u00e8 possibile che in alcuni dei nostri siti, come le nostre pagine sui social network, siano stati caricati contenuti di terzi, come video, ecc. L\u2019utente dovr\u00e0 controllare i siti web di queste terze parti per ottenere informazioni su tali cookie. Tuttavia, tramite le impostazioni del browser \u00e8 possibile disabilitare anche i cookie di terzi. Per trovare ulteriori istruzioni al riguardo, seguire questo <a href=\"https:\/\/www.aboutcookies.org\/\" target=\"_blank\" rel=\"noopener\">link<\/a>.   <\/p><p><strong>Cookie essenziali<\/strong>: Alcuni cookie sono essenziali per consentire all\u2019utente di sperimentare la funzionalit\u00e0 completa del nostro sito. Ci consentono di mantenere le sessioni utente e prevenire qualsiasi minaccia alla sicurezza. Non raccolgono n\u00e9 memorizzano nessuna informazione personale. Ad esempio, questi cookie consentono all\u2019utente di accedere al suo account e aggiungere prodotti al carrello, completando l\u2019acquisto in modo sicuro.   <\/p><p><strong>Statistiche<\/strong>: Questi cookie memorizzano informazioni come il numero di visitatori del sito web, il numero di singoli visitatori, le pagine del sito web che sono state visitate, l\u2019origine della visita, ecc. Questi dati ci aiutano a comprendere e analizzare il buon funzionamento del sito web e dove servono dei miglioramenti. <\/p><p><strong>Marketing <\/strong>: Il nostro sito web mostra annunci. Questi cookie vengono utilizzati per personalizzare gli annunci che mostriamo affinch\u00e9 siano significativi per l\u2019utente. Tali cookie ci aiutano anche a monitorare l\u2019efficacia di queste campagne pubblicitarie.<br>Le informazioni memorizzate in questi cookie possono anche essere utilizzate dai fornitori pubblicitari terzi per mostrare annunci anche su altri siti web nel browser.  <\/p><p><strong>Cookie funzionali<\/strong>: Questi sono i cookie che supportano determinate funzionalit\u00e0 non essenziali sul nostro sito web. Queste funzionalit\u00e0 includono l\u2019inserimento di contenuti come video o la condivisione del contenuto del sito web sulle piattaforme dei social media. <\/p><p><strong>Cookie preferenziali<\/strong>: Questi cookie ci aiutano a memorizzare le impostazioni e le preferenze di navigazione dell\u2019utente, come la lingua, affinch\u00e9 abbia un\u2019esperienza migliore ed efficiente nelle future visite al sito web.<\/p>\t\t\t\t\t\t\t\t<\/div>\n\t\t\t\t<\/div>\n\t\t\t\t\t<\/div>\n\t\t\t\t<\/section>\n\t\t\t\t<\/div>\n\t\t","protected":false},"excerpt":{"rendered":"<p>Informativa sui cookie Cosa sono i cookie? Un cookie contiene una piccola quantit\u00e0 di informazioni inviata da un sito web che viene memorizzata sul dispositivo dell\u2019utente mentre naviga nel sito. I cookie consentono al sito web di ricordare le informazioni sulle precedenti visite dell\u2019utente in modo che l\u2019utilizzo di tale sito possa essere pi\u00f9 efficace, [&hellip;]<\/p>\n","protected":false},"author":1,"featured_media":0,"parent":0,"menu_order":0,"comment_status":"closed","ping_status":"closed","template":"elementor_header_footer","meta":{"footnotes":""},"class_list":["post-2874","page","type-page","status-publish","hentry"],"yoast_head":"<!-- This site is optimized with the Yoast SEO plugin v26.3 - https:\/\/yoast.com\/wordpress\/plugins\/seo\/ -->\n<title>Informativa sui cookie - RealAligner<\/title>\n<meta name=\"robots\" content=\"index, follow, max-snippet:-1, max-image-preview:large, max-video-preview:-1\" \/>\n<link rel=\"canonical\" href=\"https:\/\/realaligner.com\/it\/informativa-sui-cookie\/\" \/>\n<meta property=\"og:locale\" content=\"it_IT\" \/>\n<meta property=\"og:type\" content=\"article\" \/>\n<meta property=\"og:title\" content=\"Informativa sui cookie - RealAligner\" \/>\n<meta property=\"og:description\" content=\"Informativa sui cookie Cosa sono i cookie? Un cookie contiene una piccola quantit\u00e0 di informazioni inviata da un sito web che viene memorizzata sul dispositivo dell\u2019utente mentre naviga nel sito. I cookie consentono al sito web di ricordare le informazioni sulle precedenti visite dell\u2019utente in modo che l\u2019utilizzo di tale sito possa essere pi\u00f9 efficace, [&hellip;]\" \/>\n<meta property=\"og:url\" content=\"https:\/\/realaligner.com\/it\/informativa-sui-cookie\/\" \/>\n<meta property=\"og:site_name\" content=\"RealAligner\" \/>\n<meta property=\"article:modified_time\" content=\"2026-04-09T13:37:19+00:00\" \/>\n<meta name=\"twitter:card\" content=\"summary_large_image\" \/>\n<meta name=\"twitter:label1\" content=\"Tempo di lettura stimato\" \/>\n\t<meta name=\"twitter:data1\" content=\"6 minuti\" \/>\n<script type=\"application\/ld+json\" class=\"yoast-schema-graph\">{\"@context\":\"https:\/\/schema.org\",\"@graph\":[{\"@type\":\"WebPage\",\"@id\":\"https:\/\/realaligner.com\/it\/informativa-sui-cookie\/\",\"url\":\"https:\/\/realaligner.com\/it\/informativa-sui-cookie\/\",\"name\":\"Informativa sui cookie - RealAligner\",\"isPartOf\":{\"@id\":\"https:\/\/realaligner.com\/it\/#website\"},\"datePublished\":\"2025-04-28T09:32:42+00:00\",\"dateModified\":\"2026-04-09T13:37:19+00:00\",\"breadcrumb\":{\"@id\":\"https:\/\/realaligner.com\/it\/informativa-sui-cookie\/#breadcrumb\"},\"inLanguage\":\"it-IT\",\"potentialAction\":[{\"@type\":\"ReadAction\",\"target\":[\"https:\/\/realaligner.com\/it\/informativa-sui-cookie\/\"]}]},{\"@type\":\"BreadcrumbList\",\"@id\":\"https:\/\/realaligner.com\/it\/informativa-sui-cookie\/#breadcrumb\",\"itemListElement\":[{\"@type\":\"ListItem\",\"position\":1,\"name\":\"Portada\",\"item\":\"https:\/\/realaligner.com\/it\/home\/\"},{\"@type\":\"ListItem\",\"position\":2,\"name\":\"Informativa sui cookie\"}]},{\"@type\":\"WebSite\",\"@id\":\"https:\/\/realaligner.com\/it\/#website\",\"url\":\"https:\/\/realaligner.com\/it\/\",\"name\":\"RealAligner\",\"description\":\"\",\"publisher\":{\"@id\":\"https:\/\/realaligner.com\/it\/#organization\"},\"potentialAction\":[{\"@type\":\"SearchAction\",\"target\":{\"@type\":\"EntryPoint\",\"urlTemplate\":\"https:\/\/realaligner.com\/it\/?s={search_term_string}\"},\"query-input\":{\"@type\":\"PropertyValueSpecification\",\"valueRequired\":true,\"valueName\":\"search_term_string\"}}],\"inLanguage\":\"it-IT\"},{\"@type\":\"Organization\",\"@id\":\"https:\/\/realaligner.com\/it\/#organization\",\"name\":\"RealAligner\",\"url\":\"https:\/\/realaligner.com\/it\/\",\"logo\":{\"@type\":\"ImageObject\",\"inLanguage\":\"it-IT\",\"@id\":\"https:\/\/realaligner.com\/it\/#\/schema\/logo\/image\/\",\"url\":\"https:\/\/realaligner.com\/wp-content\/uploads\/2026\/03\/cropped-logo-dark-sm.png\",\"contentUrl\":\"https:\/\/realaligner.com\/wp-content\/uploads\/2026\/03\/cropped-logo-dark-sm.png\",\"width\":512,\"height\":512,\"caption\":\"RealAligner\"},\"image\":{\"@id\":\"https:\/\/realaligner.com\/it\/#\/schema\/logo\/image\/\"}}]}<\/script>\n<!-- \/ Yoast SEO plugin. -->","yoast_head_json":{"title":"Informativa sui cookie - RealAligner","robots":{"index":"index","follow":"follow","max-snippet":"max-snippet:-1","max-image-preview":"max-image-preview:large","max-video-preview":"max-video-preview:-1"},"canonical":"https:\/\/realaligner.com\/it\/informativa-sui-cookie\/","og_locale":"it_IT","og_type":"article","og_title":"Informativa sui cookie - RealAligner","og_description":"Informativa sui cookie Cosa sono i cookie? Un cookie contiene una piccola quantit\u00e0 di informazioni inviata da un sito web che viene memorizzata sul dispositivo dell\u2019utente mentre naviga nel sito. I cookie consentono al sito web di ricordare le informazioni sulle precedenti visite dell\u2019utente in modo che l\u2019utilizzo di tale sito possa essere pi\u00f9 efficace, [&hellip;]","og_url":"https:\/\/realaligner.com\/it\/informativa-sui-cookie\/","og_site_name":"RealAligner","article_modified_time":"2026-04-09T13:37:19+00:00","twitter_card":"summary_large_image","twitter_misc":{"Tempo di lettura stimato":"6 minuti"},"schema":{"@context":"https:\/\/schema.org","@graph":[{"@type":"WebPage","@id":"https:\/\/realaligner.com\/it\/informativa-sui-cookie\/","url":"https:\/\/realaligner.com\/it\/informativa-sui-cookie\/","name":"Informativa sui cookie - RealAligner","isPartOf":{"@id":"https:\/\/realaligner.com\/it\/#website"},"datePublished":"2025-04-28T09:32:42+00:00","dateModified":"2026-04-09T13:37:19+00:00","breadcrumb":{"@id":"https:\/\/realaligner.com\/it\/informativa-sui-cookie\/#breadcrumb"},"inLanguage":"it-IT","potentialAction":[{"@type":"ReadAction","target":["https:\/\/realaligner.com\/it\/informativa-sui-cookie\/"]}]},{"@type":"BreadcrumbList","@id":"https:\/\/realaligner.com\/it\/informativa-sui-cookie\/#breadcrumb","itemListElement":[{"@type":"ListItem","position":1,"name":"Portada","item":"https:\/\/realaligner.com\/it\/home\/"},{"@type":"ListItem","position":2,"name":"Informativa sui cookie"}]},{"@type":"WebSite","@id":"https:\/\/realaligner.com\/it\/#website","url":"https:\/\/realaligner.com\/it\/","name":"RealAligner","description":"","publisher":{"@id":"https:\/\/realaligner.com\/it\/#organization"},"potentialAction":[{"@type":"SearchAction","target":{"@type":"EntryPoint","urlTemplate":"https:\/\/realaligner.com\/it\/?s={search_term_string}"},"query-input":{"@type":"PropertyValueSpecification","valueRequired":true,"valueName":"search_term_string"}}],"inLanguage":"it-IT"},{"@type":"Organization","@id":"https:\/\/realaligner.com\/it\/#organization","name":"RealAligner","url":"https:\/\/realaligner.com\/it\/","logo":{"@type":"ImageObject","inLanguage":"it-IT","@id":"https:\/\/realaligner.com\/it\/#\/schema\/logo\/image\/","url":"https:\/\/realaligner.com\/wp-content\/uploads\/2026\/03\/cropped-logo-dark-sm.png","contentUrl":"https:\/\/realaligner.com\/wp-content\/uploads\/2026\/03\/cropped-logo-dark-sm.png","width":512,"height":512,"caption":"RealAligner"},"image":{"@id":"https:\/\/realaligner.com\/it\/#\/schema\/logo\/image\/"}}]}},"_links":{"self":[{"href":"https:\/\/realaligner.com\/it\/wp-json\/wp\/v2\/pages\/2874","targetHints":{"allow":["GET"]}}],"collection":[{"href":"https:\/\/realaligner.com\/it\/wp-json\/wp\/v2\/pages"}],"about":[{"href":"https:\/\/realaligner.com\/it\/wp-json\/wp\/v2\/types\/page"}],"author":[{"embeddable":true,"href":"https:\/\/realaligner.com\/it\/wp-json\/wp\/v2\/users\/1"}],"replies":[{"embeddable":true,"href":"https:\/\/realaligner.com\/it\/wp-json\/wp\/v2\/comments?post=2874"}],"version-history":[{"count":6,"href":"https:\/\/realaligner.com\/it\/wp-json\/wp\/v2\/pages\/2874\/revisions"}],"predecessor-version":[{"id":6091,"href":"https:\/\/realaligner.com\/it\/wp-json\/wp\/v2\/pages\/2874\/revisions\/6091"}],"wp:attachment":[{"href":"https:\/\/realaligner.com\/it\/wp-json\/wp\/v2\/media?parent=2874"}],"curies":[{"name":"wp","href":"https:\/\/api.w.org\/{rel}","templated":true}]}}